{"id":5426,"date":"2019-07-18T11:50:42","date_gmt":"2019-07-18T10:50:42","guid":{"rendered":"https:\/\/www.arrabona.eu\/?page_id=5426"},"modified":"2019-07-18T12:11:14","modified_gmt":"2019-07-18T11:11:14","slug":"spravy","status":"publish","type":"page","link":"https:\/\/arrabona.eu\/sk\/","title":{"rendered":"Spr\u00e1vy"},"content":{"rendered":"\t\t<div data-elementor-type=\"wp-post\" data-elementor-id=\"5426\" class=\"elementor elementor-5426 elementor-3648\" data-elementor-settings=\"{&quot;ha_cmc_init_switcher&quot;:&quot;no&quot;}\" data-elementor-post-type=\"page\">\n\t\t\t\t\t\t<section class=\"elementor-section elementor-top-section elementor-element elementor-element-252e3aeb elementor-section-stretched elementor-section-full_width elementor-section-height-default elementor-section-height-default\" data-id=\"252e3aeb\" data-element_type=\"section\" data-e-type=\"section\" data-settings=\"{&quot;stretch_section&quot;:&quot;section-stretched&quot;,&quot;background_background&quot;:&quot;classic&quot;,&quot;_ha_eqh_enable&quot;:false}\">\n\t\t\t\t\t\t<div class=\"elementor-container elementor-column-gap-default\">\n\t\t\t\t\t<div class=\"elementor-column elementor-col-100 elementor-top-column elementor-element elementor-element-74751aa\" data-id=\"74751aa\" data-element_type=\"column\" data-e-type=\"column\">\n\t\t\t<div class=\"elementor-widget-wrap elementor-element-populated\">\n\t\t\t\t\t\t<div class=\"elementor-element elementor-element-7d6fad37 elementor-widget elementor-widget-spacer\" data-id=\"7d6fad37\" data-element_type=\"widget\" data-e-type=\"widget\" data-widget_type=\"spacer.default\">\n\t\t\t\t<div class=\"elementor-widget-container\">\n\t\t\t\t\t\t\t<div class=\"elementor-spacer\">\n\t\t\t<div class=\"elementor-spacer-inner\"><\/div>\n\t\t<\/div>\n\t\t\t\t\t\t<\/div>\n\t\t\t\t<\/div>\n\t\t\t\t\t<\/div>\n\t\t<\/div>\n\t\t\t\t\t<\/div>\n\t\t<\/section>\n\t\t\t\t<section class=\"elementor-section elementor-top-section elementor-element elementor-element-455ac44c elementor-section-boxed elementor-section-height-default elementor-section-height-default\" data-id=\"455ac44c\" data-element_type=\"section\" data-e-type=\"section\" data-settings=\"{&quot;shape_divider_top&quot;:&quot;triangle-asymmetrical&quot;,&quot;_ha_eqh_enable&quot;:false}\">\n\t\t\t\t\t<div class=\"elementor-shape elementor-shape-top\" aria-hidden=\"true\" data-negative=\"false\">\n\t\t\t<svg xmlns=\"http:\/\/www.w3.org\/2000\/svg\" viewBox=\"0 0 1000 100\" preserveAspectRatio=\"none\">\n\t<path class=\"elementor-shape-fill\" d=\"M738,99l262-93V0H0v5.6L738,99z\"\/>\n<\/svg>\t\t<\/div>\n\t\t\t\t\t<div class=\"elementor-container elementor-column-gap-no\">\n\t\t\t\t\t<div class=\"elementor-column elementor-col-100 elementor-top-column elementor-element elementor-element-4fd56810\" data-id=\"4fd56810\" data-element_type=\"column\" data-e-type=\"column\">\n\t\t\t<div class=\"elementor-widget-wrap elementor-element-populated\">\n\t\t\t\t\t\t<div class=\"elementor-element elementor-element-1820dc72 elementor-widget elementor-widget-heading\" data-id=\"1820dc72\" data-element_type=\"widget\" data-e-type=\"widget\" data-widget_type=\"heading.default\">\n\t\t\t\t<div class=\"elementor-widget-container\">\n\t\t\t\t\t<h1 class=\"elementor-heading-title elementor-size-default\">Spr\u00e1vy<\/h1>\t\t\t\t<\/div>\n\t\t\t\t<\/div>\n\t\t\t\t\t<\/div>\n\t\t<\/div>\n\t\t\t\t\t<\/div>\n\t\t<\/section>\n\t\t\t\t<section class=\"elementor-section elementor-top-section elementor-element elementor-element-3414bb22 elementor-section-boxed elementor-section-height-default elementor-section-height-default\" data-id=\"3414bb22\" data-element_type=\"section\" data-e-type=\"section\" data-settings=\"{&quot;_ha_eqh_enable&quot;:false}\">\n\t\t\t\t\t\t<div class=\"elementor-container elementor-column-gap-default\">\n\t\t\t\t\t<div class=\"elementor-column elementor-col-100 elementor-top-column elementor-element elementor-element-4f19042b\" data-id=\"4f19042b\" data-element_type=\"column\" data-e-type=\"column\">\n\t\t\t<div class=\"elementor-widget-wrap elementor-element-populated\">\n\t\t\t\t\t\t<div class=\"elementor-element elementor-element-1dcb5abf elementor-widget-divider--view-line elementor-widget elementor-widget-divider\" data-id=\"1dcb5abf\" data-element_type=\"widget\" data-e-type=\"widget\" data-widget_type=\"divider.default\">\n\t\t\t\t<div class=\"elementor-widget-container\">\n\t\t\t\t\t\t\t<div class=\"elementor-divider\">\n\t\t\t<span class=\"elementor-divider-separator\">\n\t\t\t\t\t\t<\/span>\n\t\t<\/div>\n\t\t\t\t\t\t<\/div>\n\t\t\t\t<\/div>\n\t\t\t\t\t<\/div>\n\t\t<\/div>\n\t\t\t\t\t<\/div>\n\t\t<\/section>\n\t\t\t\t<section class=\"elementor-section elementor-top-section elementor-element elementor-element-27cba55b elementor-section-boxed elementor-section-height-default elementor-section-height-default\" data-id=\"27cba55b\" data-element_type=\"section\" data-e-type=\"section\" data-settings=\"{&quot;_ha_eqh_enable&quot;:false}\">\n\t\t\t\t\t\t<div class=\"elementor-container elementor-column-gap-default\">\n\t\t\t\t\t<div class=\"elementor-column elementor-col-100 elementor-top-column elementor-element elementor-element-a370b38\" data-id=\"a370b38\" data-element_type=\"column\" data-e-type=\"column\">\n\t\t\t<div class=\"elementor-widget-wrap elementor-element-populated\">\n\t\t\t\t\t\t<div class=\"elementor-element elementor-element-2471a046 elementor-widget elementor-widget-spacer\" data-id=\"2471a046\" data-element_type=\"widget\" data-e-type=\"widget\" data-widget_type=\"spacer.default\">\n\t\t\t\t<div class=\"elementor-widget-container\">\n\t\t\t\t\t\t\t<div class=\"elementor-spacer\">\n\t\t\t<div class=\"elementor-spacer-inner\"><\/div>\n\t\t<\/div>\n\t\t\t\t\t\t<\/div>\n\t\t\t\t<\/div>\n\t\t\t\t<div class=\"elementor-element elementor-element-32dcf122 elementor-grid-1 elementor-posts--align-left elementor-grid-tablet-2 elementor-grid-mobile-1 elementor-posts--thumbnail-top elementor-card-shadow-yes elementor-posts__hover-gradient elementor-widget elementor-widget-posts\" data-id=\"32dcf122\" data-element_type=\"widget\" data-e-type=\"widget\" data-settings=\"{&quot;cards_columns&quot;:&quot;1&quot;,&quot;cards_row_gap&quot;:{&quot;unit&quot;:&quot;px&quot;,&quot;size&quot;:30,&quot;sizes&quot;:[]},&quot;pagination_type&quot;:&quot;numbers&quot;,&quot;cards_columns_tablet&quot;:&quot;2&quot;,&quot;cards_columns_mobile&quot;:&quot;1&quot;,&quot;cards_row_gap_tablet&quot;:{&quot;unit&quot;:&quot;px&quot;,&quot;size&quot;:&quot;&quot;,&quot;sizes&quot;:[]},&quot;cards_row_gap_mobile&quot;:{&quot;unit&quot;:&quot;px&quot;,&quot;size&quot;:&quot;&quot;,&quot;sizes&quot;:[]}}\" data-widget_type=\"posts.cards\">\n\t\t\t\t<div class=\"elementor-widget-container\">\n\t\t\t\t\t\t\t<div class=\"elementor-posts-container elementor-posts elementor-posts--skin-cards elementor-grid\" role=\"list\">\n\t\t\t\t<article class=\"elementor-post elementor-grid-item post-8343 post type-post status-publish format-standard hentry category-arrabona-sk\" role=\"listitem\">\n\t\t\t<div class=\"elementor-post__card\">\n\t\t\t\t<div class=\"elementor-post__text\">\n\t\t\t\t<h2 class=\"elementor-post__title\">\n\t\t\t<a href=\"https:\/\/arrabona.eu\/sk\/dalsi-uspech-v-arrabona-ezus-projekt-waves\/\" >\n\t\t\t\t\u010eal\u0161\u00ed \u00faspech v Arrabona EZ\u00daS: projekt #waves\t\t\t<\/a>\n\t\t<\/h2>\n\t\t\t\t<div class=\"elementor-post__excerpt\">\n\t\t\t<p>\u010eal\u0161\u00ed \u00faspech v Arrabona EZ\u00daS: projekt #waves Arrabona EZ\u00daS dosiahla jeden z najv\u00fdznamnej\u0161\u00edch m\u00ed\u013enikov svojej doteraj\u0161ej hist\u00f3rie: ako ved\u00faci 13-\u010dlenn\u00e9ho konzorcia sme z\u00edskali v\u00fdznamn\u00fa podporu<\/p>\n\t\t<\/div>\n\t\t\n\t\t<a class=\"elementor-post__read-more\" href=\"https:\/\/arrabona.eu\/sk\/dalsi-uspech-v-arrabona-ezus-projekt-waves\/\" aria-label=\"Read more about \u010eal\u0161\u00ed \u00faspech v Arrabona EZ\u00daS: projekt #waves\" tabindex=\"-1\" >\n\t\t\t\u010ealej \u00bb\t\t<\/a>\n\n\t\t\t\t<\/div>\n\t\t\t\t<div class=\"elementor-post__meta-data\">\n\t\t\t\t\t<span class=\"elementor-post-date\">\n\t\t\t2025-09-02\t\t<\/span>\n\t\t\t\t<\/div>\n\t\t\t\t\t<\/div>\n\t\t<\/article>\n\t\t\t\t<article class=\"elementor-post elementor-grid-item post-8333 post type-post status-publish format-standard has-post-thumbnail hentry category-arrabona-sk\" role=\"listitem\">\n\t\t\t<div class=\"elementor-post__card\">\n\t\t\t\t<a class=\"elementor-post__thumbnail__link\" href=\"https:\/\/arrabona.eu\/sk\/sprava-o-zazitkoch-tabor-vodakov-na-rieke-mosonsky-dunaj\/\" tabindex=\"-1\" ><div class=\"elementor-post__thumbnail\"><img fetchpriority=\"high\" decoding=\"async\" width=\"2048\" height=\"1152\" src=\"https:\/\/arrabona.eu\/wp-content\/uploads\/2025\/08\/boritokep-1-1.png\" class=\"attachment-full size-full wp-image-8335\" alt=\"\" srcset=\"https:\/\/arrabona.eu\/wp-content\/uploads\/2025\/08\/boritokep-1-1.png 2048w, https:\/\/arrabona.eu\/wp-content\/uploads\/2025\/08\/boritokep-1-1-300x169.png 300w, https:\/\/arrabona.eu\/wp-content\/uploads\/2025\/08\/boritokep-1-1-1024x576.png 1024w, https:\/\/arrabona.eu\/wp-content\/uploads\/2025\/08\/boritokep-1-1-768x432.png 768w, https:\/\/arrabona.eu\/wp-content\/uploads\/2025\/08\/boritokep-1-1-1536x864.png 1536w\" sizes=\"(max-width: 2048px) 100vw, 2048px\" \/><\/div><\/a>\n\t\t\t\t<div class=\"elementor-post__text\">\n\t\t\t\t<h2 class=\"elementor-post__title\">\n\t\t\t<a href=\"https:\/\/arrabona.eu\/sk\/sprava-o-zazitkoch-tabor-vodakov-na-rieke-mosonsky-dunaj\/\" >\n\t\t\t\tSpr\u00e1va o z\u00e1\u017eitkoch: T\u00e1bor vod\u00e1kov na rieke Mo\u0161onsk\u00fd Dunaj\t\t\t<\/a>\n\t\t<\/h2>\n\t\t\t\t<div class=\"elementor-post__excerpt\">\n\t\t\t<p>Arrabona EZ\u00daS pln\u00ed \u00falohy zodpovedn\u00e9ho za trasu vo dvoch V\u00e1ndort\u00e1bore: na trase Pannonhalma\u2013Szigetk\u00f6z Bring\u00e1sV\u00e1ndor a Mo\u0161onsk\u00fd Dunaj V\u00edziv\u00e1ndor. My s\u00edce nesad\u00e1me na bicykle ani nevstupujeme<\/p>\n\t\t<\/div>\n\t\t\n\t\t<a class=\"elementor-post__read-more\" href=\"https:\/\/arrabona.eu\/sk\/sprava-o-zazitkoch-tabor-vodakov-na-rieke-mosonsky-dunaj\/\" aria-label=\"Read more about Spr\u00e1va o z\u00e1\u017eitkoch: T\u00e1bor vod\u00e1kov na rieke Mo\u0161onsk\u00fd Dunaj\" tabindex=\"-1\" >\n\t\t\t\u010ealej \u00bb\t\t<\/a>\n\n\t\t\t\t<\/div>\n\t\t\t\t<div class=\"elementor-post__meta-data\">\n\t\t\t\t\t<span class=\"elementor-post-date\">\n\t\t\t2025-08-14\t\t<\/span>\n\t\t\t\t<\/div>\n\t\t\t\t\t<\/div>\n\t\t<\/article>\n\t\t\t\t<article class=\"elementor-post elementor-grid-item post-8311 post type-post status-publish format-standard has-post-thumbnail hentry category-arrabona-sk\" role=\"listitem\">\n\t\t\t<div class=\"elementor-post__card\">\n\t\t\t\t<a class=\"elementor-post__thumbnail__link\" href=\"https:\/\/arrabona.eu\/sk\/arrabona-ezus-na-veltrhu-greentech-zalaegerszeg-2025\/\" tabindex=\"-1\" ><div class=\"elementor-post__thumbnail\"><img decoding=\"async\" width=\"1030\" height=\"773\" src=\"https:\/\/arrabona.eu\/wp-content\/uploads\/2025\/07\/IMG_1560-1030x773-2.jpg\" class=\"attachment-full size-full wp-image-8312\" alt=\"\" srcset=\"https:\/\/arrabona.eu\/wp-content\/uploads\/2025\/07\/IMG_1560-1030x773-2.jpg 1030w, https:\/\/arrabona.eu\/wp-content\/uploads\/2025\/07\/IMG_1560-1030x773-2-300x225.jpg 300w, https:\/\/arrabona.eu\/wp-content\/uploads\/2025\/07\/IMG_1560-1030x773-2-1024x768.jpg 1024w, https:\/\/arrabona.eu\/wp-content\/uploads\/2025\/07\/IMG_1560-1030x773-2-768x576.jpg 768w\" sizes=\"(max-width: 1030px) 100vw, 1030px\" \/><\/div><\/a>\n\t\t\t\t<div class=\"elementor-post__text\">\n\t\t\t\t<h2 class=\"elementor-post__title\">\n\t\t\t<a href=\"https:\/\/arrabona.eu\/sk\/arrabona-ezus-na-veltrhu-greentech-zalaegerszeg-2025\/\" >\n\t\t\t\tArrabona EZ\u00daS na ve\u013etrhu GreenTech Zalaegerszeg 2025\t\t\t<\/a>\n\t\t<\/h2>\n\t\t\t\t<div class=\"elementor-post__excerpt\">\n\t\t\t<p>Eur\u00f3pske zoskupenie \u00fazemnej spolupr\u00e1ce Arrabona (EGTC) je u\u017e \u0161tvrt\u00fd rok spoluzorganiz\u00e1torom Gy\u0151rskej Klimatickej Expo. V d\u0148och 22. \u2013 23. m\u00e1ja 2025 sa organiz\u00e1cia z\u00fa\u010dastnila so<\/p>\n\t\t<\/div>\n\t\t\n\t\t<a class=\"elementor-post__read-more\" href=\"https:\/\/arrabona.eu\/sk\/arrabona-ezus-na-veltrhu-greentech-zalaegerszeg-2025\/\" aria-label=\"Read more about Arrabona EZ\u00daS na ve\u013etrhu GreenTech Zalaegerszeg 2025\" tabindex=\"-1\" >\n\t\t\t\u010ealej \u00bb\t\t<\/a>\n\n\t\t\t\t<\/div>\n\t\t\t\t<div class=\"elementor-post__meta-data\">\n\t\t\t\t\t<span class=\"elementor-post-date\">\n\t\t\t2025-07-04\t\t<\/span>\n\t\t\t\t<\/div>\n\t\t\t\t\t<\/div>\n\t\t<\/article>\n\t\t\t\t<article class=\"elementor-post elementor-grid-item post-8285 post type-post status-publish format-standard has-post-thumbnail hentry category-uncategorized-sk\" role=\"listitem\">\n\t\t\t<div class=\"elementor-post__card\">\n\t\t\t\t<a class=\"elementor-post__thumbnail__link\" href=\"https:\/\/arrabona.eu\/sk\/nase-vyrocne-valne-zhromazdenie-v-samorine-opat-sme-sa-rozsirili-o-novych-clenov\/\" tabindex=\"-1\" ><div class=\"elementor-post__thumbnail\"><img decoding=\"async\" width=\"2560\" height=\"1920\" src=\"https:\/\/arrabona.eu\/wp-content\/uploads\/2025\/07\/csoportkep-2-scaled.jpg\" class=\"attachment-full size-full wp-image-8287\" alt=\"\" srcset=\"https:\/\/arrabona.eu\/wp-content\/uploads\/2025\/07\/csoportkep-2-scaled.jpg 2560w, https:\/\/arrabona.eu\/wp-content\/uploads\/2025\/07\/csoportkep-2-300x225.jpg 300w, https:\/\/arrabona.eu\/wp-content\/uploads\/2025\/07\/csoportkep-2-1024x768.jpg 1024w, https:\/\/arrabona.eu\/wp-content\/uploads\/2025\/07\/csoportkep-2-768x576.jpg 768w, https:\/\/arrabona.eu\/wp-content\/uploads\/2025\/07\/csoportkep-2-1536x1152.jpg 1536w, https:\/\/arrabona.eu\/wp-content\/uploads\/2025\/07\/csoportkep-2-2048x1536.jpg 2048w\" sizes=\"(max-width: 2560px) 100vw, 2560px\" \/><\/div><\/a>\n\t\t\t\t<div class=\"elementor-post__text\">\n\t\t\t\t<h2 class=\"elementor-post__title\">\n\t\t\t<a href=\"https:\/\/arrabona.eu\/sk\/nase-vyrocne-valne-zhromazdenie-v-samorine-opat-sme-sa-rozsirili-o-novych-clenov\/\" >\n\t\t\t\tNa\u0161e v\u00fdro\u010dn\u00e9 valn\u00e9 zhroma\u017edenie v \u0160amor\u00edne \u2013 op\u00e4\u0165 sme sa roz\u0161\u00edrili o nov\u00fdch \u010dlenov\t\t\t<\/a>\n\t\t<\/h2>\n\t\t\t\t<div class=\"elementor-post__excerpt\">\n\t\t\t<p>D\u0148a 15. m\u00e1ja 2025 sme usporiadali na\u0161e tohtoro\u010dn\u00e9 riadne valn\u00e9 zhroma\u017edenie, ktor\u00e9 sa \u2013 pod\u013ea trad\u00edcie \u2013 konalo v jednom zo zakladaj\u00facich miest na\u0161ej organiz\u00e1cie,<\/p>\n\t\t<\/div>\n\t\t\n\t\t<a class=\"elementor-post__read-more\" href=\"https:\/\/arrabona.eu\/sk\/nase-vyrocne-valne-zhromazdenie-v-samorine-opat-sme-sa-rozsirili-o-novych-clenov\/\" aria-label=\"Read more about Na\u0161e v\u00fdro\u010dn\u00e9 valn\u00e9 zhroma\u017edenie v \u0160amor\u00edne \u2013 op\u00e4\u0165 sme sa roz\u0161\u00edrili o nov\u00fdch \u010dlenov\" tabindex=\"-1\" >\n\t\t\t\u010ealej \u00bb\t\t<\/a>\n\n\t\t\t\t<\/div>\n\t\t\t\t<div class=\"elementor-post__meta-data\">\n\t\t\t\t\t<span class=\"elementor-post-date\">\n\t\t\t2025-07-01\t\t<\/span>\n\t\t\t\t<\/div>\n\t\t\t\t\t<\/div>\n\t\t<\/article>\n\t\t\t\t<article class=\"elementor-post elementor-grid-item post-8271 post type-post status-publish format-standard has-post-thumbnail hentry category-uncategorized-sk\" role=\"listitem\">\n\t\t\t<div class=\"elementor-post__card\">\n\t\t\t\t<a class=\"elementor-post__thumbnail__link\" href=\"https:\/\/arrabona.eu\/sk\/trening-pre-vodcov-taborov-vizivandor-v-duchu-budovania-timu\/\" tabindex=\"-1\" ><div class=\"elementor-post__thumbnail\"><img loading=\"lazy\" decoding=\"async\" width=\"2560\" height=\"1920\" src=\"https:\/\/arrabona.eu\/wp-content\/uploads\/2025\/06\/IMG_E1076-1-1-scaled.jpg\" class=\"attachment-full size-full wp-image-8272\" alt=\"\" srcset=\"https:\/\/arrabona.eu\/wp-content\/uploads\/2025\/06\/IMG_E1076-1-1-scaled.jpg 2560w, https:\/\/arrabona.eu\/wp-content\/uploads\/2025\/06\/IMG_E1076-1-1-300x225.jpg 300w, https:\/\/arrabona.eu\/wp-content\/uploads\/2025\/06\/IMG_E1076-1-1-1024x768.jpg 1024w, https:\/\/arrabona.eu\/wp-content\/uploads\/2025\/06\/IMG_E1076-1-1-768x576.jpg 768w, https:\/\/arrabona.eu\/wp-content\/uploads\/2025\/06\/IMG_E1076-1-1-1536x1152.jpg 1536w, https:\/\/arrabona.eu\/wp-content\/uploads\/2025\/06\/IMG_E1076-1-1-2048x1536.jpg 2048w\" sizes=\"(max-width: 2560px) 100vw, 2560px\" \/><\/div><\/a>\n\t\t\t\t<div class=\"elementor-post__text\">\n\t\t\t\t<h2 class=\"elementor-post__title\">\n\t\t\t<a href=\"https:\/\/arrabona.eu\/sk\/trening-pre-vodcov-taborov-vizivandor-v-duchu-budovania-timu\/\" >\n\t\t\t\tTr\u00e9ning pre vodcov t\u00e1borov V\u00edziv\u00e1ndor v duchu budovania t\u00edmu\t\t\t<\/a>\n\t\t<\/h2>\n\t\t\t\t<div class=\"elementor-post__excerpt\">\n\t\t\t<p>D\u0148a 31. m\u00e1ja 2025 sme usporiadali tr\u00e9ningov\u00fd de\u0148 pre vodcov t\u00e1borov V\u00edziv\u00e1ndor.\u00a0 Priv\u00edtali sme vesel\u00fd a nad\u0161en\u00fd t\u00edm, s ktor\u00fdm sme diskutovali o \u0161pecifik\u00e1ch t\u00e1bora<\/p>\n\t\t<\/div>\n\t\t\n\t\t<a class=\"elementor-post__read-more\" href=\"https:\/\/arrabona.eu\/sk\/trening-pre-vodcov-taborov-vizivandor-v-duchu-budovania-timu\/\" aria-label=\"Read more about Tr\u00e9ning pre vodcov t\u00e1borov V\u00edziv\u00e1ndor v duchu budovania t\u00edmu\" tabindex=\"-1\" >\n\t\t\t\u010ealej \u00bb\t\t<\/a>\n\n\t\t\t\t<\/div>\n\t\t\t\t<div class=\"elementor-post__meta-data\">\n\t\t\t\t\t<span class=\"elementor-post-date\">\n\t\t\t2025-06-20\t\t<\/span>\n\t\t\t\t<\/div>\n\t\t\t\t\t<\/div>\n\t\t<\/article>\n\t\t\t\t<article class=\"elementor-post elementor-grid-item post-8235 post type-post status-publish format-standard has-post-thumbnail hentry category-arrabona-sk\" role=\"listitem\">\n\t\t\t<div class=\"elementor-post__card\">\n\t\t\t\t<a class=\"elementor-post__thumbnail__link\" href=\"https:\/\/arrabona.eu\/sk\/pohranicne-turisticke-forum-spolocne-uvazovanie-o-buducnosti-regionu\/\" tabindex=\"-1\" ><div class=\"elementor-post__thumbnail\"><img loading=\"lazy\" decoding=\"async\" width=\"2560\" height=\"1920\" src=\"https:\/\/arrabona.eu\/wp-content\/uploads\/2025\/04\/IMG_0831-scaled.jpg\" class=\"attachment-full size-full wp-image-8236\" alt=\"\" srcset=\"https:\/\/arrabona.eu\/wp-content\/uploads\/2025\/04\/IMG_0831-scaled.jpg 2560w, https:\/\/arrabona.eu\/wp-content\/uploads\/2025\/04\/IMG_0831-300x225.jpg 300w, https:\/\/arrabona.eu\/wp-content\/uploads\/2025\/04\/IMG_0831-1024x768.jpg 1024w, https:\/\/arrabona.eu\/wp-content\/uploads\/2025\/04\/IMG_0831-768x576.jpg 768w, https:\/\/arrabona.eu\/wp-content\/uploads\/2025\/04\/IMG_0831-1536x1152.jpg 1536w, https:\/\/arrabona.eu\/wp-content\/uploads\/2025\/04\/IMG_0831-2048x1536.jpg 2048w\" sizes=\"(max-width: 2560px) 100vw, 2560px\" \/><\/div><\/a>\n\t\t\t\t<div class=\"elementor-post__text\">\n\t\t\t\t<h2 class=\"elementor-post__title\">\n\t\t\t<a href=\"https:\/\/arrabona.eu\/sk\/pohranicne-turisticke-forum-spolocne-uvazovanie-o-buducnosti-regionu\/\" >\n\t\t\t\tPohrani\u010dn\u00e9 turistick\u00e9 f\u00f3rum \u2013 spolo\u010dn\u00e9 uva\u017eovanie o bud\u00facnosti regi\u00f3nu\t\t\t<\/a>\n\t\t<\/h2>\n\t\t\t\t<div class=\"elementor-post__excerpt\">\n\t\t\t<p>Spolo\u010dn\u00fd cie\u013e: udr\u017eate\u013en\u00fd rozvoj cestovn\u00e9ho ruchu v pohrani\u010dnom regi\u00f3ne D\u0148a 10. apr\u00edla sa v Gy\u0151ri uskuto\u010dnilo Pohrani\u010dn\u00e9 turistick\u00e9 f\u00f3rum, ktor\u00e9 zorganizovalo Arrabona EZ\u00daS. Te\u0161\u00ed n\u00e1s,<\/p>\n\t\t<\/div>\n\t\t\n\t\t<a class=\"elementor-post__read-more\" href=\"https:\/\/arrabona.eu\/sk\/pohranicne-turisticke-forum-spolocne-uvazovanie-o-buducnosti-regionu\/\" aria-label=\"Read more about Pohrani\u010dn\u00e9 turistick\u00e9 f\u00f3rum \u2013 spolo\u010dn\u00e9 uva\u017eovanie o bud\u00facnosti regi\u00f3nu\" tabindex=\"-1\" >\n\t\t\t\u010ealej \u00bb\t\t<\/a>\n\n\t\t\t\t<\/div>\n\t\t\t\t<div class=\"elementor-post__meta-data\">\n\t\t\t\t\t<span class=\"elementor-post-date\">\n\t\t\t2025-04-17\t\t<\/span>\n\t\t\t\t<\/div>\n\t\t\t\t\t<\/div>\n\t\t<\/article>\n\t\t\t\t<\/div>\n\t\t\n\t\t\t\t<div class=\"e-load-more-anchor\" data-page=\"1\" data-max-page=\"6\" data-next-page=\"https:\/\/arrabona.eu\/sk\/wp-json\/wp\/v2\/pages\/5426\/page\/2\/\"><\/div>\n\t\t\t\t<nav class=\"elementor-pagination\" aria-label=\"Pagination\">\n\t\t\t<span aria-current=\"page\" class=\"page-numbers current\"><span class=\"elementor-screen-only\">Str\u00e1nka<\/span>1<\/span>\n<a class=\"page-numbers\" href=\"https:\/\/arrabona.eu\/sk\/wp-json\/wp\/v2\/pages\/5426\/page\/2\/\"><span class=\"elementor-screen-only\">Str\u00e1nka<\/span>2<\/a>\n<a class=\"page-numbers\" href=\"https:\/\/arrabona.eu\/sk\/wp-json\/wp\/v2\/pages\/5426\/page\/3\/\"><span class=\"elementor-screen-only\">Str\u00e1nka<\/span>3<\/a>\n<span class=\"page-numbers dots\">&hellip;<\/span>\n<a class=\"page-numbers\" href=\"https:\/\/arrabona.eu\/sk\/wp-json\/wp\/v2\/pages\/5426\/page\/6\/\"><span class=\"elementor-screen-only\">Str\u00e1nka<\/span>6<\/a>\t\t<\/nav>\n\t\t\t\t\t\t<\/div>\n\t\t\t\t<\/div>\n\t\t\t\t\t<\/div>\n\t\t<\/div>\n\t\t\t\t\t<\/div>\n\t\t<\/section>\n\t\t\t\t<section class=\"elementor-section elementor-top-section elementor-element elementor-element-3db8035 elementor-section-boxed elementor-section-height-default elementor-section-height-default\" data-id=\"3db8035\" data-element_type=\"section\" data-e-type=\"section\" data-settings=\"{&quot;_ha_eqh_enable&quot;:false}\">\n\t\t\t\t\t\t<div class=\"elementor-container elementor-column-gap-default\">\n\t\t\t\t\t<div class=\"elementor-column elementor-col-100 elementor-top-column elementor-element elementor-element-63bafc4\" data-id=\"63bafc4\" data-element_type=\"column\" data-e-type=\"column\">\n\t\t\t<div class=\"elementor-widget-wrap elementor-element-populated\">\n\t\t\t\t\t\t<div class=\"elementor-element elementor-element-7ff953f6 elementor-widget elementor-widget-spacer\" data-id=\"7ff953f6\" data-element_type=\"widget\" data-e-type=\"widget\" data-widget_type=\"spacer.default\">\n\t\t\t\t<div class=\"elementor-widget-container\">\n\t\t\t\t\t\t\t<div class=\"elementor-spacer\">\n\t\t\t<div class=\"elementor-spacer-inner\"><\/div>\n\t\t<\/div>\n\t\t\t\t\t\t<\/div>\n\t\t\t\t<\/div>\n\t\t\t\t\t<\/div>\n\t\t<\/div>\n\t\t\t\t\t<\/div>\n\t\t<\/section>\n\t\t\t\t<\/div>\n\t\t","protected":false},"excerpt":{"rendered":"<p>Spr\u00e1vy<\/p>\n","protected":false},"author":6,"featured_media":0,"parent":0,"menu_order":0,"comment_status":"closed","ping_status":"open","template":"elementor_header_footer","meta":{"_acf_changed":false,"footnotes":""},"class_list":["post-5426","page","type-page","status-publish","hentry"],"acf":[],"amp_enabled":false,"_links":{"self":[{"href":"https:\/\/arrabona.eu\/sk\/wp-json\/wp\/v2\/pages\/5426","targetHints":{"allow":["GET"]}}],"collection":[{"href":"https:\/\/arrabona.eu\/sk\/wp-json\/wp\/v2\/pages"}],"about":[{"href":"https:\/\/arrabona.eu\/sk\/wp-json\/wp\/v2\/types\/page"}],"author":[{"embeddable":true,"href":"https:\/\/arrabona.eu\/sk\/wp-json\/wp\/v2\/users\/6"}],"replies":[{"embeddable":true,"href":"https:\/\/arrabona.eu\/sk\/wp-json\/wp\/v2\/comments?post=5426"}],"version-history":[{"count":0,"href":"https:\/\/arrabona.eu\/sk\/wp-json\/wp\/v2\/pages\/5426\/revisions"}],"wp:attachment":[{"href":"https:\/\/arrabona.eu\/sk\/wp-json\/wp\/v2\/media?parent=5426"}],"curies":[{"name":"wp","href":"https:\/\/api.w.org\/{rel}","templated":true}]}}