{"id":5320,"date":"2019-07-15T12:32:07","date_gmt":"2019-07-15T11:32:07","guid":{"rendered":"https:\/\/www.arrabona.eu\/?page_id=5320"},"modified":"2020-08-06T10:12:33","modified_gmt":"2020-08-06T09:12:33","slug":"riaditelstvo","status":"publish","type":"page","link":"https:\/\/arrabona.eu\/sk\/hlavna-stranka\/riaditelstvo\/","title":{"rendered":"Riadite\u013estvo"},"content":{"rendered":"\t\t<div data-elementor-type=\"wp-post\" data-elementor-id=\"5320\" class=\"elementor elementor-5320 elementor-3517\" data-elementor-settings=\"{&quot;ha_cmc_init_switcher&quot;:&quot;no&quot;}\" data-elementor-post-type=\"page\">\n\t\t\t\t\t\t<section class=\"elementor-section elementor-top-section elementor-element elementor-element-793616f9 elementor-section-boxed elementor-section-height-default elementor-section-height-default\" data-id=\"793616f9\" data-element_type=\"section\" data-e-type=\"section\" data-settings=\"{&quot;_ha_eqh_enable&quot;:false}\">\n\t\t\t\t\t\t<div class=\"elementor-container elementor-column-gap-default\">\n\t\t\t\t\t<div class=\"elementor-column elementor-col-100 elementor-top-column elementor-element elementor-element-e816e12\" data-id=\"e816e12\" data-element_type=\"column\" data-e-type=\"column\">\n\t\t\t<div class=\"elementor-widget-wrap elementor-element-populated\">\n\t\t\t\t\t\t<div class=\"elementor-element elementor-element-1b08afa3 elementor-widget elementor-widget-spacer\" data-id=\"1b08afa3\" data-element_type=\"widget\" data-e-type=\"widget\" data-widget_type=\"spacer.default\">\n\t\t\t\t<div class=\"elementor-widget-container\">\n\t\t\t\t\t\t\t<div class=\"elementor-spacer\">\n\t\t\t<div class=\"elementor-spacer-inner\"><\/div>\n\t\t<\/div>\n\t\t\t\t\t\t<\/div>\n\t\t\t\t<\/div>\n\t\t\t\t\t<\/div>\n\t\t<\/div>\n\t\t\t\t\t<\/div>\n\t\t<\/section>\n\t\t\t\t<section class=\"elementor-section elementor-top-section elementor-element elementor-element-30f0e0b9 elementor-section-boxed elementor-section-height-default elementor-section-height-default\" data-id=\"30f0e0b9\" data-element_type=\"section\" data-e-type=\"section\" data-settings=\"{&quot;_ha_eqh_enable&quot;:false}\">\n\t\t\t\t\t\t<div class=\"elementor-container elementor-column-gap-no\">\n\t\t\t\t\t<div class=\"elementor-column elementor-col-100 elementor-top-column elementor-element elementor-element-334487c0\" data-id=\"334487c0\" data-element_type=\"column\" data-e-type=\"column\">\n\t\t\t<div class=\"elementor-widget-wrap elementor-element-populated\">\n\t\t\t\t\t\t<div class=\"elementor-element elementor-element-131a39ab elementor-widget elementor-widget-heading\" data-id=\"131a39ab\" data-element_type=\"widget\" data-e-type=\"widget\" data-widget_type=\"heading.default\">\n\t\t\t\t<div class=\"elementor-widget-container\">\n\t\t\t\t\t<h1 class=\"elementor-heading-title elementor-size-default\">Riadite\u013estvo<\/h1>\t\t\t\t<\/div>\n\t\t\t\t<\/div>\n\t\t\t\t\t<\/div>\n\t\t<\/div>\n\t\t\t\t\t<\/div>\n\t\t<\/section>\n\t\t\t\t<section class=\"elementor-section elementor-top-section elementor-element elementor-element-4bf335f4 elementor-section-boxed elementor-section-height-default elementor-section-height-default\" data-id=\"4bf335f4\" data-element_type=\"section\" data-e-type=\"section\" data-settings=\"{&quot;_ha_eqh_enable&quot;:false}\">\n\t\t\t\t\t\t<div class=\"elementor-container elementor-column-gap-default\">\n\t\t\t\t\t<div class=\"elementor-column elementor-col-100 elementor-top-column elementor-element elementor-element-10ad10f6\" data-id=\"10ad10f6\" data-element_type=\"column\" data-e-type=\"column\">\n\t\t\t<div class=\"elementor-widget-wrap elementor-element-populated\">\n\t\t\t\t\t\t<div class=\"elementor-element elementor-element-3659d5a8 elementor-widget-divider--view-line elementor-widget elementor-widget-divider\" data-id=\"3659d5a8\" data-element_type=\"widget\" data-e-type=\"widget\" data-widget_type=\"divider.default\">\n\t\t\t\t<div class=\"elementor-widget-container\">\n\t\t\t\t\t\t\t<div class=\"elementor-divider\">\n\t\t\t<span class=\"elementor-divider-separator\">\n\t\t\t\t\t\t<\/span>\n\t\t<\/div>\n\t\t\t\t\t\t<\/div>\n\t\t\t\t<\/div>\n\t\t\t\t\t<\/div>\n\t\t<\/div>\n\t\t\t\t\t<\/div>\n\t\t<\/section>\n\t\t\t\t<section class=\"elementor-section elementor-top-section elementor-element elementor-element-4c057caa elementor-section-boxed elementor-section-height-default elementor-section-height-default\" data-id=\"4c057caa\" data-element_type=\"section\" data-e-type=\"section\" data-settings=\"{&quot;_ha_eqh_enable&quot;:false}\">\n\t\t\t\t\t\t<div class=\"elementor-container elementor-column-gap-no\">\n\t\t\t\t\t<div class=\"elementor-column elementor-col-100 elementor-top-column elementor-element elementor-element-2676c45d\" data-id=\"2676c45d\" data-element_type=\"column\" data-e-type=\"column\" data-settings=\"{&quot;background_background&quot;:&quot;classic&quot;}\">\n\t\t\t<div class=\"elementor-widget-wrap elementor-element-populated\">\n\t\t\t\t\t\t<div class=\"elementor-element elementor-element-2626447d elementor-widget elementor-widget-text-editor\" data-id=\"2626447d\" data-element_type=\"widget\" data-e-type=\"widget\" data-widget_type=\"text-editor.default\">\n\t\t\t\t<div class=\"elementor-widget-container\">\n\t\t\t\t\t\t\t\t\t<p class=\"s12\"><span class=\"s4\">Srde\u010dne V\u00e1s v\u00edtam na webovej str\u00e1nke EZ\u00daS Arrabona!<\/span><\/p><p class=\"s12\"><span class=\"s4\">Na\u0161e zoskupenie bolo registrovan\u00e9 d\u0148a 24. m\u00e1ja <\/span><span class=\"s4\">2011<\/span><span class=\"s4\"> na S\u00fade hlavn\u00e9ho mesta, \u010do predch\u00e1dzalo nemal\u00e9 mno\u017estvo pr\u00edpravn\u00fdch pr\u00e1c.\u00a0<\/span><\/p><p class=\"s12\"><span class=\"s4\">Hlavn\u00fdm z\u00e1merom zoskupenia je dosiahnutie spolo\u010dn\u00fdch cie\u013eov v oblasti region\u00e1lneho rozvoja v prihrani\u010dnej oblasti, \u010do znamen\u00e1, \u017ee z\u00e1ujmy slovensk\u00fdch a ma\u010farsk\u00fdch samospr\u00e1v sa musia objavi\u0165 v rovnakom podiele v strategick\u00fdch dokumentoch v oblasti inov\u00e1ci\u00ed, pri\u010dom sa prihliada <\/span><span class=\"s4\">aj<\/span><span class=\"s4\"> na rozhoduj\u00face postavenie mesta Gy\u0151r a Dunajsk\u00e1 Streda.<\/span><\/p><p class=\"s12\"><span class=\"s4\">EZ\u00daS je podobn\u00fdm zoskupen\u00edm ako mikroregion\u00e1lne zoskupenia v Ma\u010farsku (je v\u0161ak odli\u0161nou formou).\u00a0<\/span><\/p><p class=\"s12\"><span class=\"s4\">EZ\u00daS je pr\u00e1vnym subjektom a vstup je dobrovo\u013en\u00fd. Jeho \u010dlenmi sa m\u00f4\u017eu sta\u0165 \u010dlensk\u00e9 \u0161t\u00e1ty Eur\u00f3pskej \u00fanie, region\u00e1lne, miestne \u00farady, org\u00e1ny, verejnopr\u00e1vne in\u0161tit\u00facie \u010di zoskupenia skladaj\u00face sa z uveden\u00fdch organiz\u00e1ci\u00ed.<\/span><\/p><p class=\"s12\"><span class=\"s4\">\u010clenovia EZ\u00daS sa musia nach\u00e1dza\u0165 minim\u00e1lne na \u00fazem\u00ed dvoch \u010dlensk\u00fdch \u0161t\u00e1tov E\u00da. Tzv. \u201etretia krajina\u201d nem\u00f4\u017ee z\u00edska\u0165 \u010dlenstvo v EZ\u00daS, ale jej region\u00e1lny \u010di miestny \u00farad, org\u00e1n, verejnopr\u00e1vna in\u0161tit\u00facia (v pr\u00edpade osobitn\u00e9ho dohovoru \u010di n\u00e1rodnej pr\u00e1vnej normy povo\u013euj\u00facej vytvorenie dan\u00fdch podmienok) sa m\u00f4\u017e<\/span><span class=\"s4\">e sta\u0165 \u010dlenom tohto zoskupenia.<\/span><\/p><p class=\"s12\"><span class=\"s4\">Je d\u00f4le\u017eit\u00e9 v\u0161ak zd\u00f4razni\u0165 skuto\u010dnos\u0165, \u017ee EZ\u00daS m\u00f4\u017ee by\u0165 pou\u017eit\u00e9 ako n\u00e1stroj spolo\u010denstva v r\u00e1mci v\u0161etk\u00fdch troch foriem region\u00e1lnej spolupr\u00e1ce, t.j. v cehrani\u010dnej (cross-border), nadn\u00e1rodnej (transnational) a me<\/span><span class=\"s4\">dziregion\u00e1lnej (interregional).<\/span><\/p><p class=\"s12\"><span class=\"s4\">Na \u010dinnos\u0165 zoskupenia sa vz\u0165ahuj\u00fa nasledovn\u00e9 dokumenty: uznesenie, pr\u00edp. nariadenie, dohovor, stanovy a v ot\u00e1zkach neupraven\u00fdch \u010di len \u010diasto\u010dne upraven\u00fdch t\u00fdmito dokumentmi s\u00fa smerodajn\u00e9 platn\u00e9 pr\u00e1vne normy \u0161t\u00e1tu, v ktoro<\/span><span class=\"s4\">m sa nach\u00e1dza s\u00eddlo zoskupenia.<\/span><\/p><p class=\"s12\"><span class=\"s4\">EZ\u00daS mus\u00ed disponova\u0165 valn\u00fdm zhroma\u017eden\u00edm a jedn\u00fdm riadite\u013eom, av\u0161ak Stanovy m\u00f4\u017eu nariadi\u0165 aj vytvorenie in\u00fdch \u0161tatut\u00e1rnych org\u00e1nov. Existencia Valn\u00e9ho zhroma\u017edenia EZ\u00daS Arrabona je ve\u013ek\u00fdm pokrokom u\u017e aj z toho aspektu, \u017ee viacer\u00e9 euroregi\u00f3ny nedisponuj\u00fa tak\u00fdmto org\u00e1nom.<\/span><\/p>\t\t\t\t\t\t\t\t<\/div>\n\t\t\t\t<\/div>\n\t\t\t\t\t<\/div>\n\t\t<\/div>\n\t\t\t\t\t<\/div>\n\t\t<\/section>\n\t\t\t\t<section class=\"elementor-section elementor-top-section elementor-element elementor-element-40f5588c elementor-section-content-middle elementor-section-boxed elementor-section-height-default elementor-section-height-default\" data-id=\"40f5588c\" data-element_type=\"section\" data-e-type=\"section\" data-settings=\"{&quot;_ha_eqh_enable&quot;:false}\">\n\t\t\t\t\t\t<div class=\"elementor-container elementor-column-gap-no\">\n\t\t\t\t\t<div class=\"elementor-column elementor-col-50 elementor-top-column elementor-element elementor-element-1d2edf2a\" data-id=\"1d2edf2a\" data-element_type=\"column\" data-e-type=\"column\" data-settings=\"{&quot;background_background&quot;:&quot;classic&quot;}\">\n\t\t\t<div class=\"elementor-widget-wrap elementor-element-populated\">\n\t\t\t\t\t\t<div class=\"elementor-element elementor-element-7c6d6e91 elementor-widget elementor-widget-text-editor\" data-id=\"7c6d6e91\" data-element_type=\"widget\" data-e-type=\"widget\" data-widget_type=\"text-editor.default\">\n\t\t\t\t<div class=\"elementor-widget-container\">\n\t\t\t\t\t\t\t\t\t<p class=\"s12\"><span class=\"s4\">Zoskupenie vykon\u00e1va svoju \u010dinnos\u0165 v s\u00falade s pridelen\u00fdmi \u00falohami v zmysle Dohovoru a r\u00f4znych uznesen\u00ed. V\u0161etky aktivity EZ\u00daS sa predov\u0161etk\u00fdm s\u00fastre\u010fuj\u00fa na oblasti posil\u0148uj\u00face hospod\u00e1rsku a spolo\u010densk\u00fa spolupr\u00e1cu.<\/span><\/p><p class=\"s12\"><strong><span class=\"s4\">Tam\u00e1s Zolt\u00e1n N\u00e9meth<\/span><span class=\"s4\">,<\/span><\/strong><\/p><p class=\"s12\"><strong> <span class=\"s4\">riadite\u013e EZ\u00daS Arrabona<\/span><\/strong><\/p>\t\t\t\t\t\t\t\t<\/div>\n\t\t\t\t<\/div>\n\t\t\t\t\t<\/div>\n\t\t<\/div>\n\t\t\t\t<div class=\"elementor-column elementor-col-50 elementor-top-column elementor-element elementor-element-70514438\" data-id=\"70514438\" data-element_type=\"column\" data-e-type=\"column\" data-settings=\"{&quot;background_background&quot;:&quot;classic&quot;}\">\n\t\t\t<div class=\"elementor-widget-wrap\">\n\t\t\t\t\t\t\t<\/div>\n\t\t<\/div>\n\t\t\t\t\t<\/div>\n\t\t<\/section>\n\t\t\t\t<section class=\"elementor-section elementor-top-section elementor-element elementor-element-5e2d0258 elementor-section-boxed elementor-section-height-default elementor-section-height-default\" data-id=\"5e2d0258\" data-element_type=\"section\" data-e-type=\"section\" data-settings=\"{&quot;_ha_eqh_enable&quot;:false}\">\n\t\t\t\t\t\t<div class=\"elementor-container elementor-column-gap-default\">\n\t\t\t\t\t<div class=\"elementor-column elementor-col-100 elementor-top-column elementor-element elementor-element-39165942\" data-id=\"39165942\" data-element_type=\"column\" data-e-type=\"column\">\n\t\t\t<div class=\"elementor-widget-wrap elementor-element-populated\">\n\t\t\t\t\t\t<div class=\"elementor-element elementor-element-1fa06506 elementor-widget elementor-widget-spacer\" data-id=\"1fa06506\" data-element_type=\"widget\" data-e-type=\"widget\" data-widget_type=\"spacer.default\">\n\t\t\t\t<div class=\"elementor-widget-container\">\n\t\t\t\t\t\t\t<div class=\"elementor-spacer\">\n\t\t\t<div class=\"elementor-spacer-inner\"><\/div>\n\t\t<\/div>\n\t\t\t\t\t\t<\/div>\n\t\t\t\t<\/div>\n\t\t\t\t\t<\/div>\n\t\t<\/div>\n\t\t\t\t\t<\/div>\n\t\t<\/section>\n\t\t\t\t<\/div>\n\t\t","protected":false},"excerpt":{"rendered":"<p>Riadite\u013estvo Srde\u010dne V\u00e1s v\u00edtam na webovej str\u00e1nke EZ\u00daS Arrabona! Na\u0161e zoskupenie bolo registrovan\u00e9 d\u0148a 24. m\u00e1ja 2011 na S\u00fade hlavn\u00e9ho mesta, \u010do predch\u00e1dzalo nemal\u00e9 mno\u017estvo pr\u00edpravn\u00fdch pr\u00e1c.\u00a0 Hlavn\u00fdm z\u00e1merom zoskupenia je dosiahnutie spolo\u010dn\u00fdch cie\u013eov v oblasti region\u00e1lneho rozvoja v prihrani\u010dnej oblasti, \u010do znamen\u00e1, \u017ee z\u00e1ujmy slovensk\u00fdch a ma\u010farsk\u00fdch samospr\u00e1v sa musia objavi\u0165 v rovnakom podiele [&hellip;]<\/p>\n","protected":false},"author":6,"featured_media":0,"parent":5231,"menu_order":0,"comment_status":"closed","ping_status":"open","template":"elementor_header_footer","meta":{"_acf_changed":false,"footnotes":""},"class_list":["post-5320","page","type-page","status-publish","hentry"],"acf":[],"amp_enabled":false,"_links":{"self":[{"href":"https:\/\/arrabona.eu\/sk\/wp-json\/wp\/v2\/pages\/5320","targetHints":{"allow":["GET"]}}],"collection":[{"href":"https:\/\/arrabona.eu\/sk\/wp-json\/wp\/v2\/pages"}],"about":[{"href":"https:\/\/arrabona.eu\/sk\/wp-json\/wp\/v2\/types\/page"}],"author":[{"embeddable":true,"href":"https:\/\/arrabona.eu\/sk\/wp-json\/wp\/v2\/users\/6"}],"replies":[{"embeddable":true,"href":"https:\/\/arrabona.eu\/sk\/wp-json\/wp\/v2\/comments?post=5320"}],"version-history":[{"count":0,"href":"https:\/\/arrabona.eu\/sk\/wp-json\/wp\/v2\/pages\/5320\/revisions"}],"up":[{"embeddable":true,"href":"https:\/\/arrabona.eu\/sk\/wp-json\/wp\/v2\/pages\/5231"}],"wp:attachment":[{"href":"https:\/\/arrabona.eu\/sk\/wp-json\/wp\/v2\/media?parent=5320"}],"curies":[{"name":"wp","href":"https:\/\/api.w.org\/{rel}","templated":true}]}}