{"id":5314,"date":"2019-07-15T12:23:49","date_gmt":"2019-07-15T11:23:49","guid":{"rendered":"https:\/\/www.arrabona.eu\/?page_id=5314"},"modified":"2020-02-27T19:54:01","modified_gmt":"2020-02-27T19:54:01","slug":"vitajte","status":"publish","type":"page","link":"https:\/\/arrabona.eu\/sk\/hlavna-stranka\/vitajte\/","title":{"rendered":"Vitajte"},"content":{"rendered":"\t\t<div data-elementor-type=\"wp-post\" data-elementor-id=\"5314\" class=\"elementor elementor-5314 elementor-3513\" data-elementor-settings=\"{&quot;ha_cmc_init_switcher&quot;:&quot;no&quot;}\" data-elementor-post-type=\"page\">\n\t\t\t\t\t\t<section class=\"elementor-section elementor-top-section elementor-element elementor-element-5c8c690c elementor-section-boxed elementor-section-height-default elementor-section-height-default\" data-id=\"5c8c690c\" data-element_type=\"section\" data-e-type=\"section\" data-settings=\"{&quot;_ha_eqh_enable&quot;:false}\">\n\t\t\t\t\t\t<div class=\"elementor-container elementor-column-gap-default\">\n\t\t\t\t\t<div class=\"elementor-column elementor-col-100 elementor-top-column elementor-element elementor-element-177725fc\" data-id=\"177725fc\" data-element_type=\"column\" data-e-type=\"column\">\n\t\t\t<div class=\"elementor-widget-wrap elementor-element-populated\">\n\t\t\t\t\t\t<div class=\"elementor-element elementor-element-881b21f elementor-widget elementor-widget-spacer\" data-id=\"881b21f\" data-element_type=\"widget\" data-e-type=\"widget\" data-widget_type=\"spacer.default\">\n\t\t\t\t<div class=\"elementor-widget-container\">\n\t\t\t\t\t\t\t<div class=\"elementor-spacer\">\n\t\t\t<div class=\"elementor-spacer-inner\"><\/div>\n\t\t<\/div>\n\t\t\t\t\t\t<\/div>\n\t\t\t\t<\/div>\n\t\t\t\t\t<\/div>\n\t\t<\/div>\n\t\t\t\t\t<\/div>\n\t\t<\/section>\n\t\t\t\t<section class=\"elementor-section elementor-top-section elementor-element elementor-element-c79a919 elementor-section-boxed elementor-section-height-default elementor-section-height-default\" data-id=\"c79a919\" data-element_type=\"section\" data-e-type=\"section\" data-settings=\"{&quot;_ha_eqh_enable&quot;:false}\">\n\t\t\t\t\t\t<div class=\"elementor-container elementor-column-gap-no\">\n\t\t\t\t\t<div class=\"elementor-column elementor-col-100 elementor-top-column elementor-element elementor-element-a90cf2b\" data-id=\"a90cf2b\" data-element_type=\"column\" data-e-type=\"column\">\n\t\t\t<div class=\"elementor-widget-wrap elementor-element-populated\">\n\t\t\t\t\t\t<div class=\"elementor-element elementor-element-144aa430 elementor-widget elementor-widget-heading\" data-id=\"144aa430\" data-element_type=\"widget\" data-e-type=\"widget\" data-widget_type=\"heading.default\">\n\t\t\t\t<div class=\"elementor-widget-container\">\n\t\t\t\t\t<h1 class=\"elementor-heading-title elementor-size-default\">Vitajte<\/h1>\t\t\t\t<\/div>\n\t\t\t\t<\/div>\n\t\t\t\t\t<\/div>\n\t\t<\/div>\n\t\t\t\t\t<\/div>\n\t\t<\/section>\n\t\t\t\t<section class=\"elementor-section elementor-top-section elementor-element elementor-element-35e0a48c elementor-section-boxed elementor-section-height-default elementor-section-height-default\" data-id=\"35e0a48c\" data-element_type=\"section\" data-e-type=\"section\" data-settings=\"{&quot;_ha_eqh_enable&quot;:false}\">\n\t\t\t\t\t\t<div class=\"elementor-container elementor-column-gap-default\">\n\t\t\t\t\t<div class=\"elementor-column elementor-col-100 elementor-top-column elementor-element elementor-element-32b58808\" data-id=\"32b58808\" data-element_type=\"column\" data-e-type=\"column\">\n\t\t\t<div class=\"elementor-widget-wrap elementor-element-populated\">\n\t\t\t\t\t\t<div class=\"elementor-element elementor-element-640fc01e elementor-widget-divider--view-line elementor-widget elementor-widget-divider\" data-id=\"640fc01e\" data-element_type=\"widget\" data-e-type=\"widget\" data-widget_type=\"divider.default\">\n\t\t\t\t<div class=\"elementor-widget-container\">\n\t\t\t\t\t\t\t<div class=\"elementor-divider\">\n\t\t\t<span class=\"elementor-divider-separator\">\n\t\t\t\t\t\t<\/span>\n\t\t<\/div>\n\t\t\t\t\t\t<\/div>\n\t\t\t\t<\/div>\n\t\t\t\t\t<\/div>\n\t\t<\/div>\n\t\t\t\t\t<\/div>\n\t\t<\/section>\n\t\t\t\t<section class=\"elementor-section elementor-top-section elementor-element elementor-element-6e4c5c76 elementor-section-boxed elementor-section-height-default elementor-section-height-default\" data-id=\"6e4c5c76\" data-element_type=\"section\" data-e-type=\"section\" data-settings=\"{&quot;_ha_eqh_enable&quot;:false}\">\n\t\t\t\t\t\t<div class=\"elementor-container elementor-column-gap-no\">\n\t\t\t\t\t<div class=\"elementor-column elementor-col-100 elementor-top-column elementor-element elementor-element-1d965212\" data-id=\"1d965212\" data-element_type=\"column\" data-e-type=\"column\" data-settings=\"{&quot;background_background&quot;:&quot;classic&quot;}\">\n\t\t\t<div class=\"elementor-widget-wrap elementor-element-populated\">\n\t\t\t\t\t\t<div class=\"elementor-element elementor-element-5d50ec32 elementor-widget elementor-widget-text-editor\" data-id=\"5d50ec32\" data-element_type=\"widget\" data-e-type=\"widget\" data-widget_type=\"text-editor.default\">\n\t\t\t\t<div class=\"elementor-widget-container\">\n\t\t\t\t\t\t\t\t\t<p class=\"s10\"><span class=\"s4\">Srde\u010dne V\u00e1s v\u00edtam na webovej str\u00e1nke Eur\u00f3pskeho zoskupenia \u00fazemnej spolupr\u00e1ce s ru\u010den\u00edm obmedzen\u00fdm Arrabona! Je mi ve\u013ek\u00fdm pote\u0161en\u00edm, \u017ee v roku 2011 po viac ako ro\u010dnej pr\u00edprave sa n\u00e1m podarilo zalo\u017ei\u0165 medzin\u00e1rodn\u00e9 zoskupenie s pr\u00e1vnou subjektivitou.<\/span><\/p><p class=\"s10\"><span class=\"s4\">Na podnet mesta Gy\u0151r so \u017eupn\u00fdm pr\u00e1vom ako s\u00eddlo EZ\u00daS, prostredn\u00edctvom dvoch miest nach\u00e1dzaj\u00facich sa na \u00fazem\u00ed MR: Gy\u0151r, Mosonmagyar\u00f3v\u00e1r a dvoch slovensk\u00fdch miest: Dunajsk\u00e1 Streda, \u0160amor\u00edn bolo zalo\u017een\u00e9 spolo\u010dnou silou EZ\u00daS Arrabona. Pri definovan\u00ed zemepisnej p\u00f4sobnosti EZ\u00daS Arrabona bolo vhodn\u00e9 vych\u00e1dza\u0165 z aspektu \u00faspory z rozsahu \u010dlensk\u00fdch obc\u00ed: pri \u00fa\u010dinkovan\u00ed len nieko\u013ek\u00fdch samospr\u00e1v by sa zoskupenie stalo m\u00e1lo dominantn\u00fdm, av\u0161ak v pr\u00edpade ve\u013ek\u00e9ho po\u010dtu \u010dlensk\u00fdch obc\u00ed by bolo \u0165a\u017ek\u00e9 zos\u00faladi\u0165, integrova\u0165 jednotliv\u00e9 \u010diastkov\u00e9 z\u00e1ujmy. Z tohto aspektu sa sna\u017e\u00edme o dostupnos\u0165 pre \u201emikroregi\u00f3nov\u201c, t.j. aktivity EZ\u00daS vytv\u00e1ran\u00e9 <\/span><span class=\"s4\">na<\/span><span class=\"s4\"> Malom \u017ditnom ostrove v Ma\u010farsku, Mo\u0161onskej planine a \u010dasti Sokor\u00f3alja pezprostredne prip\u00e1jaj\u00faca sa k mestu Gy\u0151r, \u010falej na slovenskej \u010dasti \u017ditn\u00e9ho ostrova a z\u00e1padn\u00fdch oblastiach Mat\u00fa\u0161ovej zemi:<\/span><\/p><p class=\"s10\"><span class=\"s4\">Ma\u010farsk\u00e1 republika: oblas\u0165 mikroregi\u00f3nov mesta Mosomagyar\u00f3v\u00e1r a Gy\u0151r;<\/span><\/p>\t\t\t\t\t\t\t\t<\/div>\n\t\t\t\t<\/div>\n\t\t\t\t\t<\/div>\n\t\t<\/div>\n\t\t\t\t\t<\/div>\n\t\t<\/section>\n\t\t\t\t<section class=\"elementor-section elementor-top-section elementor-element elementor-element-4643b3c elementor-section-content-middle elementor-section-boxed elementor-section-height-default elementor-section-height-default\" data-id=\"4643b3c\" data-element_type=\"section\" data-e-type=\"section\" data-settings=\"{&quot;_ha_eqh_enable&quot;:false}\">\n\t\t\t\t\t\t<div class=\"elementor-container elementor-column-gap-no\">\n\t\t\t\t\t<div class=\"elementor-column elementor-col-50 elementor-top-column elementor-element elementor-element-2f7c84f5\" data-id=\"2f7c84f5\" data-element_type=\"column\" data-e-type=\"column\" data-settings=\"{&quot;background_background&quot;:&quot;classic&quot;}\">\n\t\t\t<div class=\"elementor-widget-wrap elementor-element-populated\">\n\t\t\t\t\t\t<div class=\"elementor-element elementor-element-abf5221 elementor-widget elementor-widget-text-editor\" data-id=\"abf5221\" data-element_type=\"widget\" data-e-type=\"widget\" data-widget_type=\"text-editor.default\">\n\t\t\t\t<div class=\"elementor-widget-container\">\n\t\t\t\t\t\t\t\t\t<p>Slovensk\u00e1 republika: \u00fazemie okresu Dunajsk\u00e1 Streda. Rozloha EZ\u00daS Arrabona nazna\u010duje organiz\u00e1ciu s ve\u013ek\u00fdm po\u010dtom, okolo 120, samospr\u00e1v. Z tohto d\u00f4vodu k \u00faspe\u0161n\u00e9mu fungovaniu EZ\u00daS Arrabona mus\u00ed by\u0165 zabezpe\u010den\u00e1 prezent\u00e1cia r\u00f4znych z\u00e1umov a pohotov\u00fd, operat\u00edvny pr\u00edstup k dan\u00fdm situ\u00e1ci\u00e1m.<\/p><p class=\"s10\"><span class=\"s4\">Prajeme V\u00e1m pr\u00edjemn\u00e9 \u010d\u00edtanie!<\/span><\/p><p class=\"s10\"><strong><span class=\"s4\">Csaba Andr\u00e1s dr. D\u00e9zsi<\/span><span class=\"s4\">,<\/span><\/strong><\/p><p class=\"s10\"><strong><span class=\"s4\"> predseda EZ\u00daS Arrabona<\/span><\/strong><\/p>\t\t\t\t\t\t\t\t<\/div>\n\t\t\t\t<\/div>\n\t\t\t\t\t<\/div>\n\t\t<\/div>\n\t\t\t\t<div class=\"elementor-column elementor-col-50 elementor-top-column elementor-element elementor-element-78e9ac9c\" data-id=\"78e9ac9c\" data-element_type=\"column\" data-e-type=\"column\" data-settings=\"{&quot;background_background&quot;:&quot;classic&quot;}\">\n\t\t\t<div class=\"elementor-widget-wrap elementor-element-populated\">\n\t\t\t\t\t\t<div class=\"elementor-element elementor-element-38d7fcec elementor-widget elementor-widget-image\" data-id=\"38d7fcec\" data-element_type=\"widget\" data-e-type=\"widget\" data-widget_type=\"image.default\">\n\t\t\t\t<div class=\"elementor-widget-container\">\n\t\t\t\t\t\t\t\t\t\t\t\t\t\t\t<img fetchpriority=\"high\" decoding=\"async\" width=\"250\" height=\"283\" src=\"https:\/\/arrabona.eu\/wp-content\/uploads\/2020\/02\/dcsa1kiskep-1.jpg\" class=\"attachment-full size-full wp-image-6050\" alt=\"\" \/>\t\t\t\t\t\t\t\t\t\t\t\t\t\t\t<\/div>\n\t\t\t\t<\/div>\n\t\t\t\t\t<\/div>\n\t\t<\/div>\n\t\t\t\t\t<\/div>\n\t\t<\/section>\n\t\t\t\t<section class=\"elementor-section elementor-top-section elementor-element elementor-element-3a8fa2b0 elementor-section-boxed elementor-section-height-default elementor-section-height-default\" data-id=\"3a8fa2b0\" data-element_type=\"section\" data-e-type=\"section\" data-settings=\"{&quot;_ha_eqh_enable&quot;:false}\">\n\t\t\t\t\t\t<div class=\"elementor-container elementor-column-gap-default\">\n\t\t\t\t\t<div class=\"elementor-column elementor-col-100 elementor-top-column elementor-element elementor-element-427eda1f\" data-id=\"427eda1f\" data-element_type=\"column\" data-e-type=\"column\">\n\t\t\t<div class=\"elementor-widget-wrap elementor-element-populated\">\n\t\t\t\t\t\t<div class=\"elementor-element elementor-element-58c77d95 elementor-widget elementor-widget-spacer\" data-id=\"58c77d95\" data-element_type=\"widget\" data-e-type=\"widget\" data-widget_type=\"spacer.default\">\n\t\t\t\t<div class=\"elementor-widget-container\">\n\t\t\t\t\t\t\t<div class=\"elementor-spacer\">\n\t\t\t<div class=\"elementor-spacer-inner\"><\/div>\n\t\t<\/div>\n\t\t\t\t\t\t<\/div>\n\t\t\t\t<\/div>\n\t\t\t\t\t<\/div>\n\t\t<\/div>\n\t\t\t\t\t<\/div>\n\t\t<\/section>\n\t\t\t\t<\/div>\n\t\t","protected":false},"excerpt":{"rendered":"<p>Vitajte Srde\u010dne V\u00e1s v\u00edtam na webovej str\u00e1nke Eur\u00f3pskeho zoskupenia \u00fazemnej spolupr\u00e1ce s ru\u010den\u00edm obmedzen\u00fdm Arrabona! Je mi ve\u013ek\u00fdm pote\u0161en\u00edm, \u017ee v roku 2011 po viac ako ro\u010dnej pr\u00edprave sa n\u00e1m podarilo zalo\u017ei\u0165 medzin\u00e1rodn\u00e9 zoskupenie s pr\u00e1vnou subjektivitou. Na podnet mesta Gy\u0151r so \u017eupn\u00fdm pr\u00e1vom ako s\u00eddlo EZ\u00daS, prostredn\u00edctvom dvoch miest nach\u00e1dzaj\u00facich sa na \u00fazem\u00ed MR: [&hellip;]<\/p>\n","protected":false},"author":6,"featured_media":0,"parent":5231,"menu_order":0,"comment_status":"closed","ping_status":"open","template":"elementor_header_footer","meta":{"_acf_changed":false,"footnotes":""},"class_list":["post-5314","page","type-page","status-publish","hentry"],"acf":[],"amp_enabled":false,"_links":{"self":[{"href":"https:\/\/arrabona.eu\/sk\/wp-json\/wp\/v2\/pages\/5314","targetHints":{"allow":["GET"]}}],"collection":[{"href":"https:\/\/arrabona.eu\/sk\/wp-json\/wp\/v2\/pages"}],"about":[{"href":"https:\/\/arrabona.eu\/sk\/wp-json\/wp\/v2\/types\/page"}],"author":[{"embeddable":true,"href":"https:\/\/arrabona.eu\/sk\/wp-json\/wp\/v2\/users\/6"}],"replies":[{"embeddable":true,"href":"https:\/\/arrabona.eu\/sk\/wp-json\/wp\/v2\/comments?post=5314"}],"version-history":[{"count":0,"href":"https:\/\/arrabona.eu\/sk\/wp-json\/wp\/v2\/pages\/5314\/revisions"}],"up":[{"embeddable":true,"href":"https:\/\/arrabona.eu\/sk\/wp-json\/wp\/v2\/pages\/5231"}],"wp:attachment":[{"href":"https:\/\/arrabona.eu\/sk\/wp-json\/wp\/v2\/media?parent=5314"}],"curies":[{"name":"wp","href":"https:\/\/api.w.org\/{rel}","templated":true}]}}