{"id":5300,"date":"2019-07-11T14:20:21","date_gmt":"2019-07-11T13:20:21","guid":{"rendered":"https:\/\/www.arrabona.eu\/?page_id=5300"},"modified":"2020-08-06T10:10:53","modified_gmt":"2020-08-06T09:10:53","slug":"directorate","status":"publish","type":"page","link":"https:\/\/arrabona.eu\/en\/home-page\/directorate\/","title":{"rendered":"Directorate"},"content":{"rendered":"\t\t<div data-elementor-type=\"wp-post\" data-elementor-id=\"5300\" class=\"elementor elementor-5300 elementor-3517\" data-elementor-settings=\"{&quot;ha_cmc_init_switcher&quot;:&quot;no&quot;}\" data-elementor-post-type=\"page\">\n\t\t\t\t\t\t<section class=\"elementor-section elementor-top-section elementor-element elementor-element-21be720a elementor-section-boxed elementor-section-height-default elementor-section-height-default\" data-id=\"21be720a\" data-element_type=\"section\" data-e-type=\"section\" data-settings=\"{&quot;_ha_eqh_enable&quot;:false}\">\n\t\t\t\t\t\t<div class=\"elementor-container elementor-column-gap-default\">\n\t\t\t\t\t<div class=\"elementor-column elementor-col-100 elementor-top-column elementor-element elementor-element-48009adb\" data-id=\"48009adb\" data-element_type=\"column\" data-e-type=\"column\">\n\t\t\t<div class=\"elementor-widget-wrap elementor-element-populated\">\n\t\t\t\t\t\t<div class=\"elementor-element elementor-element-75e3a452 elementor-widget elementor-widget-spacer\" data-id=\"75e3a452\" data-element_type=\"widget\" data-e-type=\"widget\" data-widget_type=\"spacer.default\">\n\t\t\t\t<div class=\"elementor-widget-container\">\n\t\t\t\t\t\t\t<div class=\"elementor-spacer\">\n\t\t\t<div class=\"elementor-spacer-inner\"><\/div>\n\t\t<\/div>\n\t\t\t\t\t\t<\/div>\n\t\t\t\t<\/div>\n\t\t\t\t\t<\/div>\n\t\t<\/div>\n\t\t\t\t\t<\/div>\n\t\t<\/section>\n\t\t\t\t<section class=\"elementor-section elementor-top-section elementor-element elementor-element-6cc787eb elementor-section-boxed elementor-section-height-default elementor-section-height-default\" data-id=\"6cc787eb\" data-element_type=\"section\" data-e-type=\"section\" data-settings=\"{&quot;_ha_eqh_enable&quot;:false}\">\n\t\t\t\t\t\t<div class=\"elementor-container elementor-column-gap-no\">\n\t\t\t\t\t<div class=\"elementor-column elementor-col-100 elementor-top-column elementor-element elementor-element-1557d1c3\" data-id=\"1557d1c3\" data-element_type=\"column\" data-e-type=\"column\">\n\t\t\t<div class=\"elementor-widget-wrap elementor-element-populated\">\n\t\t\t\t\t\t<div class=\"elementor-element elementor-element-4dfbc186 elementor-widget elementor-widget-heading\" data-id=\"4dfbc186\" data-element_type=\"widget\" data-e-type=\"widget\" data-widget_type=\"heading.default\">\n\t\t\t\t<div class=\"elementor-widget-container\">\n\t\t\t\t\t<h1 class=\"elementor-heading-title elementor-size-default\">Directorate<\/h1>\t\t\t\t<\/div>\n\t\t\t\t<\/div>\n\t\t\t\t\t<\/div>\n\t\t<\/div>\n\t\t\t\t\t<\/div>\n\t\t<\/section>\n\t\t\t\t<section class=\"elementor-section elementor-top-section elementor-element elementor-element-753f60be elementor-section-boxed elementor-section-height-default elementor-section-height-default\" data-id=\"753f60be\" data-element_type=\"section\" data-e-type=\"section\" data-settings=\"{&quot;_ha_eqh_enable&quot;:false}\">\n\t\t\t\t\t\t<div class=\"elementor-container elementor-column-gap-default\">\n\t\t\t\t\t<div class=\"elementor-column elementor-col-100 elementor-top-column elementor-element elementor-element-6689c283\" data-id=\"6689c283\" data-element_type=\"column\" data-e-type=\"column\">\n\t\t\t<div class=\"elementor-widget-wrap elementor-element-populated\">\n\t\t\t\t\t\t<div class=\"elementor-element elementor-element-45603172 elementor-widget-divider--view-line elementor-widget elementor-widget-divider\" data-id=\"45603172\" data-element_type=\"widget\" data-e-type=\"widget\" data-widget_type=\"divider.default\">\n\t\t\t\t<div class=\"elementor-widget-container\">\n\t\t\t\t\t\t\t<div class=\"elementor-divider\">\n\t\t\t<span class=\"elementor-divider-separator\">\n\t\t\t\t\t\t<\/span>\n\t\t<\/div>\n\t\t\t\t\t\t<\/div>\n\t\t\t\t<\/div>\n\t\t\t\t\t<\/div>\n\t\t<\/div>\n\t\t\t\t\t<\/div>\n\t\t<\/section>\n\t\t\t\t<section class=\"elementor-section elementor-top-section elementor-element elementor-element-1f3d0dc elementor-section-boxed elementor-section-height-default elementor-section-height-default\" data-id=\"1f3d0dc\" data-element_type=\"section\" data-e-type=\"section\" data-settings=\"{&quot;_ha_eqh_enable&quot;:false}\">\n\t\t\t\t\t\t<div class=\"elementor-container elementor-column-gap-no\">\n\t\t\t\t\t<div class=\"elementor-column elementor-col-100 elementor-top-column elementor-element elementor-element-1db7d8a9\" data-id=\"1db7d8a9\" data-element_type=\"column\" data-e-type=\"column\" data-settings=\"{&quot;background_background&quot;:&quot;classic&quot;}\">\n\t\t\t<div class=\"elementor-widget-wrap elementor-element-populated\">\n\t\t\t\t\t\t<div class=\"elementor-element elementor-element-23f21a6c elementor-widget elementor-widget-text-editor\" data-id=\"23f21a6c\" data-element_type=\"widget\" data-e-type=\"widget\" data-widget_type=\"text-editor.default\">\n\t\t\t\t<div class=\"elementor-widget-container\">\n\t\t\t\t\t\t\t\t\t<p class=\"s9\"><span class=\"s4\">As the Director of the Arrabona EGTC I would like to welcome you <\/span><\/p><p class=\"s9\"><span class=\"s4\">Our Grouping was registered by the Municipal Court on 24 May 2011, as a result of a nearly year long organization and preparation work. Basically EGTC was established for to achieve the regional development of the two common border areas. This means that the Hungarian and Slovak municipalities interests should appear equaly in the documents of development and in the project implementation.<\/span><\/p><p class=\"s9\"><span class=\"s4\">At the same time the dominant role of Gy\u0151r and Dunajsk\u00e1 Streda should be considered. EGTC is a similar association as the regional association in Hungary, but not identical with it in formal way. EGTC is a legal person, joining to the grouping is voluntary. Members may be: Member States of EU, regional authorities, local authorities, public institutions and associations formed by the listed organizations. The members territorialy should be located in an area with at least two EU State Members.<\/span><\/p><p class=\"s9\"><span class=\"s4\">Non EU, called \u201eThird Country\u201d can not be a member of EGTC, but for its regional or local authorities, public institutions (in case of a separate agreement or national legislation allowing the existence) it is possible. It is important to emphasize that the EGTC as a community tool for regional cooperation works on cross-border, transnational and interregional levels, so partners implementing similar cooperations at any of the mentioned areas above, can generate this Association.<\/span><\/p><p class=\"s9\"><span class=\"s4\">The Association is subject to the Regulation, the Convention-establishing the Grouping, the Statute of Grouping (in case of matters non or just partially regulated) and to the laws of the State in which the Association is established. The EGTC shall have an Assembly, and with a Director representing its principal, but the Statute of Association can set up other bodies too. The must existance of the General Assembly representing the members is an important step <\/span><span class=\"s4\">forward, because many European regions do not have this body.<\/span><\/p>\t\t\t\t\t\t\t\t<\/div>\n\t\t\t\t<\/div>\n\t\t\t\t\t<\/div>\n\t\t<\/div>\n\t\t\t\t\t<\/div>\n\t\t<\/section>\n\t\t\t\t<section class=\"elementor-section elementor-top-section elementor-element elementor-element-50664590 elementor-section-content-middle elementor-section-boxed elementor-section-height-default elementor-section-height-default\" data-id=\"50664590\" data-element_type=\"section\" data-e-type=\"section\" data-settings=\"{&quot;_ha_eqh_enable&quot;:false}\">\n\t\t\t\t\t\t<div class=\"elementor-container elementor-column-gap-no\">\n\t\t\t\t\t<div class=\"elementor-column elementor-col-50 elementor-top-column elementor-element elementor-element-6a91ae84\" data-id=\"6a91ae84\" data-element_type=\"column\" data-e-type=\"column\" data-settings=\"{&quot;background_background&quot;:&quot;classic&quot;}\">\n\t\t\t<div class=\"elementor-widget-wrap elementor-element-populated\">\n\t\t\t\t\t\t<div class=\"elementor-element elementor-element-4fa0c5ac elementor-widget elementor-widget-text-editor\" data-id=\"4fa0c5ac\" data-element_type=\"widget\" data-e-type=\"widget\" data-widget_type=\"text-editor.default\">\n\t\t\t\t<div class=\"elementor-widget-container\">\n\t\t\t\t\t\t\t\t\t<p>The Association provide tasks which were assigned to it by members of Agreement under the framework Regulation.<\/p><p class=\"s16\"><strong><span class=\"s3\">N\u00e9meth Tam\u00e1s Zolt\u00e1n,<\/span><\/strong><\/p><p class=\"s16\"><strong><span class=\"s3\"> Director of <\/span><span class=\"s3\">Arrabona<\/span><span class=\"s3\"> EGTC<\/span><\/strong><\/p>\t\t\t\t\t\t\t\t<\/div>\n\t\t\t\t<\/div>\n\t\t\t\t\t<\/div>\n\t\t<\/div>\n\t\t\t\t<div class=\"elementor-column elementor-col-50 elementor-top-column elementor-element elementor-element-736e5ac5\" data-id=\"736e5ac5\" data-element_type=\"column\" data-e-type=\"column\" data-settings=\"{&quot;background_background&quot;:&quot;classic&quot;}\">\n\t\t\t<div class=\"elementor-widget-wrap\">\n\t\t\t\t\t\t\t<\/div>\n\t\t<\/div>\n\t\t\t\t\t<\/div>\n\t\t<\/section>\n\t\t\t\t<section class=\"elementor-section elementor-top-section elementor-element elementor-element-293e8653 elementor-section-boxed elementor-section-height-default elementor-section-height-default\" data-id=\"293e8653\" data-element_type=\"section\" data-e-type=\"section\" data-settings=\"{&quot;_ha_eqh_enable&quot;:false}\">\n\t\t\t\t\t\t<div class=\"elementor-container elementor-column-gap-default\">\n\t\t\t\t\t<div class=\"elementor-column elementor-col-100 elementor-top-column elementor-element elementor-element-4163a09e\" data-id=\"4163a09e\" data-element_type=\"column\" data-e-type=\"column\">\n\t\t\t<div class=\"elementor-widget-wrap elementor-element-populated\">\n\t\t\t\t\t\t<div class=\"elementor-element elementor-element-6ce2c15f elementor-widget elementor-widget-spacer\" data-id=\"6ce2c15f\" data-element_type=\"widget\" data-e-type=\"widget\" data-widget_type=\"spacer.default\">\n\t\t\t\t<div class=\"elementor-widget-container\">\n\t\t\t\t\t\t\t<div class=\"elementor-spacer\">\n\t\t\t<div class=\"elementor-spacer-inner\"><\/div>\n\t\t<\/div>\n\t\t\t\t\t\t<\/div>\n\t\t\t\t<\/div>\n\t\t\t\t\t<\/div>\n\t\t<\/div>\n\t\t\t\t\t<\/div>\n\t\t<\/section>\n\t\t\t\t<\/div>\n\t\t","protected":false},"excerpt":{"rendered":"<p>Directorate As the Director of the Arrabona EGTC I would like to welcome you Our Grouping was registered by the Municipal Court on 24 May 2011, as a result of a nearly year long organization and preparation work. Basically EGTC was established for to achieve the regional development of the two common border areas. This [&hellip;]<\/p>\n","protected":false},"author":6,"featured_media":0,"parent":5238,"menu_order":0,"comment_status":"closed","ping_status":"open","template":"elementor_header_footer","meta":{"_acf_changed":false,"footnotes":""},"class_list":["post-5300","page","type-page","status-publish","hentry"],"acf":[],"amp_enabled":false,"_links":{"self":[{"href":"https:\/\/arrabona.eu\/en\/wp-json\/wp\/v2\/pages\/5300","targetHints":{"allow":["GET"]}}],"collection":[{"href":"https:\/\/arrabona.eu\/en\/wp-json\/wp\/v2\/pages"}],"about":[{"href":"https:\/\/arrabona.eu\/en\/wp-json\/wp\/v2\/types\/page"}],"author":[{"embeddable":true,"href":"https:\/\/arrabona.eu\/en\/wp-json\/wp\/v2\/users\/6"}],"replies":[{"embeddable":true,"href":"https:\/\/arrabona.eu\/en\/wp-json\/wp\/v2\/comments?post=5300"}],"version-history":[{"count":0,"href":"https:\/\/arrabona.eu\/en\/wp-json\/wp\/v2\/pages\/5300\/revisions"}],"up":[{"embeddable":true,"href":"https:\/\/arrabona.eu\/en\/wp-json\/wp\/v2\/pages\/5238"}],"wp:attachment":[{"href":"https:\/\/arrabona.eu\/en\/wp-json\/wp\/v2\/media?parent=5300"}],"curies":[{"name":"wp","href":"https:\/\/api.w.org\/{rel}","templated":true}]}}