{"id":5289,"date":"2019-07-11T14:13:53","date_gmt":"2019-07-11T13:13:53","guid":{"rendered":"https:\/\/www.arrabona.eu\/?page_id=5289"},"modified":"2019-07-11T14:17:53","modified_gmt":"2019-07-11T13:17:53","slug":"the-arrabona-egtc","status":"publish","type":"page","link":"https:\/\/arrabona.eu\/en\/home-page\/the-arrabona-egtc\/","title":{"rendered":"The Arrabona EGTC"},"content":{"rendered":"\t\t<div data-elementor-type=\"wp-post\" data-elementor-id=\"5289\" class=\"elementor elementor-5289 elementor-3507 elementor-bc-flex-widget\" data-elementor-settings=\"{&quot;ha_cmc_init_switcher&quot;:&quot;no&quot;}\" data-elementor-post-type=\"page\">\n\t\t\t\t\t\t<section class=\"elementor-section elementor-top-section elementor-element elementor-element-513bdc51 elementor-section-boxed elementor-section-height-default elementor-section-height-default\" data-id=\"513bdc51\" data-element_type=\"section\" data-e-type=\"section\" data-settings=\"{&quot;_ha_eqh_enable&quot;:false}\">\n\t\t\t\t\t\t<div class=\"elementor-container elementor-column-gap-default\">\n\t\t\t\t\t<div class=\"elementor-column elementor-col-100 elementor-top-column elementor-element elementor-element-2a568943\" data-id=\"2a568943\" data-element_type=\"column\" data-e-type=\"column\">\n\t\t\t<div class=\"elementor-widget-wrap elementor-element-populated\">\n\t\t\t\t\t\t<div class=\"elementor-element elementor-element-115a91e7 elementor-widget elementor-widget-spacer\" data-id=\"115a91e7\" data-element_type=\"widget\" data-e-type=\"widget\" data-widget_type=\"spacer.default\">\n\t\t\t\t<div class=\"elementor-widget-container\">\n\t\t\t\t\t\t\t<div class=\"elementor-spacer\">\n\t\t\t<div class=\"elementor-spacer-inner\"><\/div>\n\t\t<\/div>\n\t\t\t\t\t\t<\/div>\n\t\t\t\t<\/div>\n\t\t\t\t\t<\/div>\n\t\t<\/div>\n\t\t\t\t\t<\/div>\n\t\t<\/section>\n\t\t\t\t<section class=\"elementor-section elementor-top-section elementor-element elementor-element-30ceebce elementor-section-boxed elementor-section-height-default elementor-section-height-default\" data-id=\"30ceebce\" data-element_type=\"section\" data-e-type=\"section\" data-settings=\"{&quot;_ha_eqh_enable&quot;:false}\">\n\t\t\t\t\t\t<div class=\"elementor-container elementor-column-gap-no\">\n\t\t\t\t\t<div class=\"elementor-column elementor-col-100 elementor-top-column elementor-element elementor-element-32aa31af\" data-id=\"32aa31af\" data-element_type=\"column\" data-e-type=\"column\">\n\t\t\t<div class=\"elementor-widget-wrap elementor-element-populated\">\n\t\t\t\t\t\t<div class=\"elementor-element elementor-element-5077e8ca elementor-widget elementor-widget-heading\" data-id=\"5077e8ca\" data-element_type=\"widget\" data-e-type=\"widget\" data-widget_type=\"heading.default\">\n\t\t\t\t<div class=\"elementor-widget-container\">\n\t\t\t\t\t<h1 class=\"elementor-heading-title elementor-size-default\">The Arrabona EGTC<\/h1>\t\t\t\t<\/div>\n\t\t\t\t<\/div>\n\t\t\t\t\t<\/div>\n\t\t<\/div>\n\t\t\t\t\t<\/div>\n\t\t<\/section>\n\t\t\t\t<section class=\"elementor-section elementor-top-section elementor-element elementor-element-4a83ca05 elementor-section-boxed elementor-section-height-default elementor-section-height-default\" data-id=\"4a83ca05\" data-element_type=\"section\" data-e-type=\"section\" data-settings=\"{&quot;_ha_eqh_enable&quot;:false}\">\n\t\t\t\t\t\t<div class=\"elementor-container elementor-column-gap-default\">\n\t\t\t\t\t<div class=\"elementor-column elementor-col-100 elementor-top-column elementor-element elementor-element-5933d07a\" data-id=\"5933d07a\" data-element_type=\"column\" data-e-type=\"column\">\n\t\t\t<div class=\"elementor-widget-wrap elementor-element-populated\">\n\t\t\t\t\t\t<div class=\"elementor-element elementor-element-ed6bc23 elementor-widget-divider--view-line elementor-widget elementor-widget-divider\" data-id=\"ed6bc23\" data-element_type=\"widget\" data-e-type=\"widget\" data-widget_type=\"divider.default\">\n\t\t\t\t<div class=\"elementor-widget-container\">\n\t\t\t\t\t\t\t<div class=\"elementor-divider\">\n\t\t\t<span class=\"elementor-divider-separator\">\n\t\t\t\t\t\t<\/span>\n\t\t<\/div>\n\t\t\t\t\t\t<\/div>\n\t\t\t\t<\/div>\n\t\t\t\t\t<\/div>\n\t\t<\/div>\n\t\t\t\t\t<\/div>\n\t\t<\/section>\n\t\t\t\t<section class=\"elementor-section elementor-top-section elementor-element elementor-element-3034e93d elementor-section-boxed elementor-section-height-default elementor-section-height-default\" data-id=\"3034e93d\" data-element_type=\"section\" data-e-type=\"section\" data-settings=\"{&quot;_ha_eqh_enable&quot;:false}\">\n\t\t\t\t\t\t<div class=\"elementor-container elementor-column-gap-default\">\n\t\t\t\t\t<div class=\"elementor-column elementor-col-100 elementor-top-column elementor-element elementor-element-1f62ae09\" data-id=\"1f62ae09\" data-element_type=\"column\" data-e-type=\"column\" data-settings=\"{&quot;background_background&quot;:&quot;classic&quot;}\">\n\t\t\t<div class=\"elementor-widget-wrap elementor-element-populated\">\n\t\t\t\t\t\t<div class=\"elementor-element elementor-element-73a55ac4 elementor-widget elementor-widget-text-editor\" data-id=\"73a55ac4\" data-element_type=\"widget\" data-e-type=\"widget\" data-widget_type=\"text-editor.default\">\n\t\t\t\t<div class=\"elementor-widget-container\">\n\t\t\t\t\t\t\t\t\t<p class=\"s11\"><span class=\"s4\">The<\/span><span class=\"s4\"> Danube as the natural border of the Roman Empire has defended the province of Pannonia and one of its strengths, Arrabona, situated at the present-day site of Gy\u0151r from the northern barbarian hordes. (The town was named after the Raba River\u2019s Roman name \u201cArrabo\u201d.) Within the Hungarian kingdom, the two banks of the Danube formed closely connected areas, which were related in terms of the administration, as well. <\/span><\/p><p class=\"s11\"><span class=\"s4\">After 1920, the Danube separated these regions with the strictness of the former Limes again, and only two bridges, the one at Rajka and the other at Medve provided passage and connection.<\/span><\/p><p class=\"s11\"><span class=\"s4\">The accession of Hungary and Slovakia to the European Union brought about fundamental changes in several ways. The opening of the borders does not only allow the free movement of goods, also the flow of the labour force is significant, and since the joining to the Schengen area, the Slovakian capital\u2019s agglomeration has spectacularly spread to the Hungarian side, as well.<\/span><\/p><p class=\"s11\"><span class=\"s4\">The development of the co-operation between the two border regions is strengthened by the EU\u2019s financial resources, too. Thanks to them, the transport links and the logistical conditions are constantly improving and the integration of tourism services was also started.<\/span><\/p><p class=\"s11\"><span class=\"s4\">The EU law harmonization enabled the establishment of a new management organization, the Arrabona EGTC, supporting the development of the entire region.<\/span><\/p><p class=\"s11\"><span class=\"s4\">In 2010, the region\u2019s four major towns, Gy\u0151r and Mosonmagyar\u00f3v\u00e1r from Hungary and Dunajsk\u00e1 Streda (Dunaszerdahely) and \u0160amor\u00edn (Somorja) from Slovakia decided to create a joint development organization with a separate legal entity to institutionalize their already existing relations at a higher level. <\/span><\/p><p class=\"s11\"><span class=\"s4\">The EGTC (European Grouping of Territorial Co-operation: European regional association) is allowed to act independently in both affected countries, can employ their own staff, and establish and operate joint institutions and companies ensuring the long-term sustainability of the joint projects. Arrabona EGTC is the most modern institutional tool for the integrated development of previously separated areas. It <\/span><span class=\"s4\">is<\/span><span class=\"s4\"> no coincidence that since its foundation, the neighbouring towns are joining the initiative. The co-operation may potentially involve 120 local governments in the future.<\/span><\/p><p class=\"s11\"><span class=\"s4\">The Grouping\u2019s particular purpose is to initiate and help the strengthening of the economic and social cohesion, and the direct and indirect preservation and maintenance of the balance of the Danube Valley as an ecological system, co-financed by the European Union, through programs and projects implemented in regional co-operation and to improve the elements of social and technical infrastructure.<\/span><\/p><p class=\"s11\"><span class=\"s4\">The co-operation thematically covers all areas of development in the region:<\/span><\/p><ul><li class=\"s11\"><span class=\"s4\">industrial and logistics co-operation<\/span><\/li><li class=\"s11\"><span class=\"s4\">development of infrastructure <\/span><\/li><li class=\"s11\"><span class=\"s4\">energy management and waste management<\/span><\/li><li class=\"s11\"><span class=\"s4\">tourism<\/span><\/li><li class=\"s11\"><span class=\"s4\">health-care<\/span><\/li><li class=\"s11\"><span class=\"s4\">employment, business stimulus, education, research, training, innovation<\/span><\/li><li class=\"s11\"><span class=\"s4\">environmental protection, nature and landscape protection, landscape management<\/span><\/li><li class=\"s11\"><span class=\"s4\">social relationships, sports, recreation.<\/span><\/li><\/ul><p class=\"s11\"><span class=\"s4\">The EGTC formulates an own development plan for the EU budget period from 2014 to 2020. The participants of the co-operation do not merely expect from the new institution to provide help in the reasonable use of the EU funds: the EGTC provides a new perspective, a new level of co-operation based on mutual benefits for the residents of the previously closely related regions.<\/span><\/p><p class=\"s11\"><span class=\"s4\">It may also help to rediscover the colours of the region and use them for the benefit of people living there.<\/span><\/p>\t\t\t\t\t\t\t\t<\/div>\n\t\t\t\t<\/div>\n\t\t\t\t\t<\/div>\n\t\t<\/div>\n\t\t\t\t\t<\/div>\n\t\t<\/section>\n\t\t\t\t<section class=\"elementor-section elementor-top-section elementor-element elementor-element-cd3db7 elementor-section-boxed elementor-section-height-default elementor-section-height-default\" data-id=\"cd3db7\" data-element_type=\"section\" data-e-type=\"section\" data-settings=\"{&quot;_ha_eqh_enable&quot;:false}\">\n\t\t\t\t\t\t<div class=\"elementor-container elementor-column-gap-default\">\n\t\t\t\t\t<div class=\"elementor-column elementor-col-100 elementor-top-column elementor-element elementor-element-5f4b7e0\" data-id=\"5f4b7e0\" data-element_type=\"column\" data-e-type=\"column\">\n\t\t\t<div class=\"elementor-widget-wrap elementor-element-populated\">\n\t\t\t\t\t\t<div class=\"elementor-element elementor-element-5c59082e elementor-widget elementor-widget-spacer\" data-id=\"5c59082e\" data-element_type=\"widget\" data-e-type=\"widget\" data-widget_type=\"spacer.default\">\n\t\t\t\t<div class=\"elementor-widget-container\">\n\t\t\t\t\t\t\t<div class=\"elementor-spacer\">\n\t\t\t<div class=\"elementor-spacer-inner\"><\/div>\n\t\t<\/div>\n\t\t\t\t\t\t<\/div>\n\t\t\t\t<\/div>\n\t\t\t\t\t<\/div>\n\t\t<\/div>\n\t\t\t\t\t<\/div>\n\t\t<\/section>\n\t\t\t\t<\/div>\n\t\t","protected":false},"excerpt":{"rendered":"<p>The Arrabona EGTC The Danube as the natural border of the Roman Empire has defended the province of Pannonia and one of its strengths, Arrabona, situated at the present-day site of Gy\u0151r from the northern barbarian hordes. (The town was named after the Raba River\u2019s Roman name \u201cArrabo\u201d.) Within the Hungarian kingdom, the two banks [&hellip;]<\/p>\n","protected":false},"author":6,"featured_media":0,"parent":5238,"menu_order":0,"comment_status":"closed","ping_status":"open","template":"elementor_header_footer","meta":{"_acf_changed":false,"footnotes":""},"class_list":["post-5289","page","type-page","status-publish","hentry"],"acf":[],"amp_enabled":false,"_links":{"self":[{"href":"https:\/\/arrabona.eu\/en\/wp-json\/wp\/v2\/pages\/5289","targetHints":{"allow":["GET"]}}],"collection":[{"href":"https:\/\/arrabona.eu\/en\/wp-json\/wp\/v2\/pages"}],"about":[{"href":"https:\/\/arrabona.eu\/en\/wp-json\/wp\/v2\/types\/page"}],"author":[{"embeddable":true,"href":"https:\/\/arrabona.eu\/en\/wp-json\/wp\/v2\/users\/6"}],"replies":[{"embeddable":true,"href":"https:\/\/arrabona.eu\/en\/wp-json\/wp\/v2\/comments?post=5289"}],"version-history":[{"count":0,"href":"https:\/\/arrabona.eu\/en\/wp-json\/wp\/v2\/pages\/5289\/revisions"}],"up":[{"embeddable":true,"href":"https:\/\/arrabona.eu\/en\/wp-json\/wp\/v2\/pages\/5238"}],"wp:attachment":[{"href":"https:\/\/arrabona.eu\/en\/wp-json\/wp\/v2\/media?parent=5289"}],"curies":[{"name":"wp","href":"https:\/\/api.w.org\/{rel}","templated":true}]}}