{"id":5279,"date":"2019-07-11T14:00:27","date_gmt":"2019-07-11T13:00:27","guid":{"rendered":"https:\/\/www.arrabona.eu\/?page_id=5279"},"modified":"2020-02-27T19:59:18","modified_gmt":"2020-02-27T19:59:18","slug":"greeting","status":"publish","type":"page","link":"https:\/\/arrabona.eu\/en\/home-page\/greeting\/","title":{"rendered":"Greeting"},"content":{"rendered":"\t\t<div data-elementor-type=\"wp-post\" data-elementor-id=\"5279\" class=\"elementor elementor-5279 elementor-3513\" data-elementor-settings=\"{&quot;ha_cmc_init_switcher&quot;:&quot;no&quot;}\" data-elementor-post-type=\"page\">\n\t\t\t\t\t\t<section class=\"elementor-section elementor-top-section elementor-element elementor-element-58be6324 elementor-section-boxed elementor-section-height-default elementor-section-height-default\" data-id=\"58be6324\" data-element_type=\"section\" data-e-type=\"section\" data-settings=\"{&quot;_ha_eqh_enable&quot;:false}\">\n\t\t\t\t\t\t<div class=\"elementor-container elementor-column-gap-default\">\n\t\t\t\t\t<div class=\"elementor-column elementor-col-100 elementor-top-column elementor-element elementor-element-48f936ac\" data-id=\"48f936ac\" data-element_type=\"column\" data-e-type=\"column\">\n\t\t\t<div class=\"elementor-widget-wrap elementor-element-populated\">\n\t\t\t\t\t\t<div class=\"elementor-element elementor-element-5a27a891 elementor-widget elementor-widget-spacer\" data-id=\"5a27a891\" data-element_type=\"widget\" data-e-type=\"widget\" data-widget_type=\"spacer.default\">\n\t\t\t\t<div class=\"elementor-widget-container\">\n\t\t\t\t\t\t\t<div class=\"elementor-spacer\">\n\t\t\t<div class=\"elementor-spacer-inner\"><\/div>\n\t\t<\/div>\n\t\t\t\t\t\t<\/div>\n\t\t\t\t<\/div>\n\t\t\t\t\t<\/div>\n\t\t<\/div>\n\t\t\t\t\t<\/div>\n\t\t<\/section>\n\t\t\t\t<section class=\"elementor-section elementor-top-section elementor-element elementor-element-3a1b3625 elementor-section-boxed elementor-section-height-default elementor-section-height-default\" data-id=\"3a1b3625\" data-element_type=\"section\" data-e-type=\"section\" data-settings=\"{&quot;_ha_eqh_enable&quot;:false}\">\n\t\t\t\t\t\t<div class=\"elementor-container elementor-column-gap-no\">\n\t\t\t\t\t<div class=\"elementor-column elementor-col-100 elementor-top-column elementor-element elementor-element-f6c74de\" data-id=\"f6c74de\" data-element_type=\"column\" data-e-type=\"column\">\n\t\t\t<div class=\"elementor-widget-wrap elementor-element-populated\">\n\t\t\t\t\t\t<div class=\"elementor-element elementor-element-1181c883 elementor-widget elementor-widget-heading\" data-id=\"1181c883\" data-element_type=\"widget\" data-e-type=\"widget\" data-widget_type=\"heading.default\">\n\t\t\t\t<div class=\"elementor-widget-container\">\n\t\t\t\t\t<h1 class=\"elementor-heading-title elementor-size-default\">Greeting<\/h1>\t\t\t\t<\/div>\n\t\t\t\t<\/div>\n\t\t\t\t\t<\/div>\n\t\t<\/div>\n\t\t\t\t\t<\/div>\n\t\t<\/section>\n\t\t\t\t<section class=\"elementor-section elementor-top-section elementor-element elementor-element-64d8b943 elementor-section-boxed elementor-section-height-default elementor-section-height-default\" data-id=\"64d8b943\" data-element_type=\"section\" data-e-type=\"section\" data-settings=\"{&quot;_ha_eqh_enable&quot;:false}\">\n\t\t\t\t\t\t<div class=\"elementor-container elementor-column-gap-default\">\n\t\t\t\t\t<div class=\"elementor-column elementor-col-100 elementor-top-column elementor-element elementor-element-a95d3b0\" data-id=\"a95d3b0\" data-element_type=\"column\" data-e-type=\"column\">\n\t\t\t<div class=\"elementor-widget-wrap elementor-element-populated\">\n\t\t\t\t\t\t<div class=\"elementor-element elementor-element-512f2832 elementor-widget-divider--view-line elementor-widget elementor-widget-divider\" data-id=\"512f2832\" data-element_type=\"widget\" data-e-type=\"widget\" data-widget_type=\"divider.default\">\n\t\t\t\t<div class=\"elementor-widget-container\">\n\t\t\t\t\t\t\t<div class=\"elementor-divider\">\n\t\t\t<span class=\"elementor-divider-separator\">\n\t\t\t\t\t\t<\/span>\n\t\t<\/div>\n\t\t\t\t\t\t<\/div>\n\t\t\t\t<\/div>\n\t\t\t\t\t<\/div>\n\t\t<\/div>\n\t\t\t\t\t<\/div>\n\t\t<\/section>\n\t\t\t\t<section class=\"elementor-section elementor-top-section elementor-element elementor-element-2c7e4747 elementor-section-boxed elementor-section-height-default elementor-section-height-default\" data-id=\"2c7e4747\" data-element_type=\"section\" data-e-type=\"section\" data-settings=\"{&quot;_ha_eqh_enable&quot;:false}\">\n\t\t\t\t\t\t<div class=\"elementor-container elementor-column-gap-no\">\n\t\t\t\t\t<div class=\"elementor-column elementor-col-100 elementor-top-column elementor-element elementor-element-4fd1d6f6\" data-id=\"4fd1d6f6\" data-element_type=\"column\" data-e-type=\"column\" data-settings=\"{&quot;background_background&quot;:&quot;classic&quot;}\">\n\t\t\t<div class=\"elementor-widget-wrap elementor-element-populated\">\n\t\t\t\t\t\t<div class=\"elementor-element elementor-element-426a050b elementor-widget elementor-widget-text-editor\" data-id=\"426a050b\" data-element_type=\"widget\" data-e-type=\"widget\" data-widget_type=\"text-editor.default\">\n\t\t\t\t<div class=\"elementor-widget-container\">\n\t\t\t\t\t\t\t\t\t<p class=\"s11\"><span class=\"s4\">Be sincerely and warmly welcome on the Arrabona-European Grouping of Territorial Cooperation\u2019s website!<\/span><\/p><p class=\"s11\"><span class=\"s4\">I am delighted to say, that after more than one year of hard preparatory work, in year 2011 we were able to establish this international association with an independent legal personality.<\/span><\/p><p class=\"s11\"><span class=\"s4\">City of Gy\u0151r as the competent authority started with the initiative, and as a result of that, two Hungarian cities namely Gy\u0151r and Mosonmagyar\u00f3v\u00e1r, and two Slovak cities Dunajsk\u00e1 Streda and \u0160amor\u00edn have established the Arrabona EGTC.<\/span><span class=\"s4\"><br \/><\/span><span class=\"s4\">When determining the operating area (geopraphic scope) of Arrabona EGTC the starting point was the economies of scale principle, we thought that in case of some municipalities (local governments) participation, the organization would be weightless, on the other hand with too many members it would be difficult to harmonize each section\u2019s interests.<\/span><\/p><p>The Arrabona EGTC\u2019s extent predicts a large number over 120 of municipalities and organisations. For the succesful operation the Arrabona EGTC has to ensure the simultaneous appearance of several interests and to stay operative at the same time.<\/p>\t\t\t\t\t\t\t\t<\/div>\n\t\t\t\t<\/div>\n\t\t\t\t\t<\/div>\n\t\t<\/div>\n\t\t\t\t\t<\/div>\n\t\t<\/section>\n\t\t\t\t<section class=\"elementor-section elementor-top-section elementor-element elementor-element-3e4cb81e elementor-section-content-middle elementor-section-boxed elementor-section-height-default elementor-section-height-default\" data-id=\"3e4cb81e\" data-element_type=\"section\" data-e-type=\"section\" data-settings=\"{&quot;_ha_eqh_enable&quot;:false}\">\n\t\t\t\t\t\t<div class=\"elementor-container elementor-column-gap-no\">\n\t\t\t\t\t<div class=\"elementor-column elementor-col-50 elementor-top-column elementor-element elementor-element-1da101a1\" data-id=\"1da101a1\" data-element_type=\"column\" data-e-type=\"column\" data-settings=\"{&quot;background_background&quot;:&quot;classic&quot;}\">\n\t\t\t<div class=\"elementor-widget-wrap elementor-element-populated\">\n\t\t\t\t\t\t<div class=\"elementor-element elementor-element-136d763f elementor-widget elementor-widget-text-editor\" data-id=\"136d763f\" data-element_type=\"widget\" data-e-type=\"widget\" data-widget_type=\"text-editor.default\">\n\t\t\t\t<div class=\"elementor-widget-container\">\n\t\t\t\t\t\t\t\t\t<p class=\"s11\"><span class=\"s4\">Our organization\u2019s aim is to synchronize these two factors. <\/span><\/p><p class=\"s14\"><span class=\"s4\">Wishing you a good getting to know!<\/span><\/p><p class=\"s14\"><span style=\"font-weight: bold;\"><span class=\"s3\">Csaba Andr\u00e1s dr. D\u00e9zsi,<\/span><\/span><\/p><p class=\"s14\"><span style=\"font-weight: bold;\"><span class=\"s3\"> Chairman of\u00a0<\/span><span class=\"s3\">Arrabona<\/span><span class=\"s3\">\u00a0EGTC<\/span><\/span><\/p>\t\t\t\t\t\t\t\t<\/div>\n\t\t\t\t<\/div>\n\t\t\t\t\t<\/div>\n\t\t<\/div>\n\t\t\t\t<div class=\"elementor-column elementor-col-50 elementor-top-column elementor-element elementor-element-2c606565\" data-id=\"2c606565\" data-element_type=\"column\" data-e-type=\"column\" data-settings=\"{&quot;background_background&quot;:&quot;classic&quot;}\">\n\t\t\t<div class=\"elementor-widget-wrap elementor-element-populated\">\n\t\t\t\t\t\t<div class=\"elementor-element elementor-element-810d62b elementor-widget elementor-widget-image\" data-id=\"810d62b\" data-element_type=\"widget\" data-e-type=\"widget\" data-widget_type=\"image.default\">\n\t\t\t\t<div class=\"elementor-widget-container\">\n\t\t\t\t\t\t\t\t\t\t\t\t\t\t\t<img fetchpriority=\"high\" decoding=\"async\" width=\"250\" height=\"283\" src=\"https:\/\/arrabona.eu\/wp-content\/uploads\/2020\/02\/dcsa1kiskep-2.jpg\" class=\"attachment-full size-full wp-image-6060\" alt=\"\" \/>\t\t\t\t\t\t\t\t\t\t\t\t\t\t\t<\/div>\n\t\t\t\t<\/div>\n\t\t\t\t\t<\/div>\n\t\t<\/div>\n\t\t\t\t\t<\/div>\n\t\t<\/section>\n\t\t\t\t<section class=\"elementor-section elementor-top-section elementor-element elementor-element-33c6a65b elementor-section-boxed elementor-section-height-default elementor-section-height-default\" data-id=\"33c6a65b\" data-element_type=\"section\" data-e-type=\"section\" data-settings=\"{&quot;_ha_eqh_enable&quot;:false}\">\n\t\t\t\t\t\t<div class=\"elementor-container elementor-column-gap-default\">\n\t\t\t\t\t<div class=\"elementor-column elementor-col-100 elementor-top-column elementor-element elementor-element-2a8c2028\" data-id=\"2a8c2028\" data-element_type=\"column\" data-e-type=\"column\">\n\t\t\t<div class=\"elementor-widget-wrap elementor-element-populated\">\n\t\t\t\t\t\t<div class=\"elementor-element elementor-element-16de5099 elementor-widget elementor-widget-spacer\" data-id=\"16de5099\" data-element_type=\"widget\" data-e-type=\"widget\" data-widget_type=\"spacer.default\">\n\t\t\t\t<div class=\"elementor-widget-container\">\n\t\t\t\t\t\t\t<div class=\"elementor-spacer\">\n\t\t\t<div class=\"elementor-spacer-inner\"><\/div>\n\t\t<\/div>\n\t\t\t\t\t\t<\/div>\n\t\t\t\t<\/div>\n\t\t\t\t\t<\/div>\n\t\t<\/div>\n\t\t\t\t\t<\/div>\n\t\t<\/section>\n\t\t\t\t<\/div>\n\t\t","protected":false},"excerpt":{"rendered":"<p>Greeting Be sincerely and warmly welcome on the Arrabona-European Grouping of Territorial Cooperation\u2019s website! I am delighted to say, that after more than one year of hard preparatory work, in year 2011 we were able to establish this international association with an independent legal personality. City of Gy\u0151r as the competent authority started with the [&hellip;]<\/p>\n","protected":false},"author":6,"featured_media":0,"parent":5238,"menu_order":0,"comment_status":"closed","ping_status":"open","template":"elementor_header_footer","meta":{"_acf_changed":false,"footnotes":""},"class_list":["post-5279","page","type-page","status-publish","hentry"],"acf":[],"amp_enabled":false,"_links":{"self":[{"href":"https:\/\/arrabona.eu\/en\/wp-json\/wp\/v2\/pages\/5279","targetHints":{"allow":["GET"]}}],"collection":[{"href":"https:\/\/arrabona.eu\/en\/wp-json\/wp\/v2\/pages"}],"about":[{"href":"https:\/\/arrabona.eu\/en\/wp-json\/wp\/v2\/types\/page"}],"author":[{"embeddable":true,"href":"https:\/\/arrabona.eu\/en\/wp-json\/wp\/v2\/users\/6"}],"replies":[{"embeddable":true,"href":"https:\/\/arrabona.eu\/en\/wp-json\/wp\/v2\/comments?post=5279"}],"version-history":[{"count":0,"href":"https:\/\/arrabona.eu\/en\/wp-json\/wp\/v2\/pages\/5279\/revisions"}],"up":[{"embeddable":true,"href":"https:\/\/arrabona.eu\/en\/wp-json\/wp\/v2\/pages\/5238"}],"wp:attachment":[{"href":"https:\/\/arrabona.eu\/en\/wp-json\/wp\/v2\/media?parent=5279"}],"curies":[{"name":"wp","href":"https:\/\/api.w.org\/{rel}","templated":true}]}}